
		
		
		{"id":18770,"date":"2021-02-25T15:45:17","date_gmt":"2021-02-25T15:45:17","guid":{"rendered":"https:\/\/www.liberedivivere.com\/tappe-tour-2020\/"},"modified":"2025-06-17T09:38:37","modified_gmt":"2025-06-17T09:38:37","slug":"archives-etapes-tournee","status":"publish","type":"page","link":"https:\/\/www.liberedivivere.com\/fr\/archives-etapes-tournee\/","title":{"rendered":"Archives des \u00e9tapes de la Tourn\u00e9e"},"content":{"rendered":"<p>&nbsp;<\/p>\n<h2 style=\"text-align: center;\"><a href=\"https:\/\/www.liberedivivere.com\/archivio-tappe-tour\/\" target=\"_blank\" rel=\"noopener\">D\u00e9couvrez notre tourn\u00e9e &#8220;Libre de&#8230; VIVRE&#8221; dans les ann\u00e9es&#8230;<\/a><\/h2>\n","protected":false},"excerpt":{"rendered":"&nbsp; D\u00e9couvrez notre tourn\u00e9e &#8220;Libre de&#8230; VIVRE&#8221; dans les ann\u00e9es&#8230;","protected":false},"author":1,"featured_media":0,"parent":0,"menu_order":0,"comment_status":"closed","ping_status":"closed","template":"","meta":{"_acf_changed":false,"footnotes":""},"class_list":["post-18770","page","type-page","status-publish","hentry"],"acf":[],"yoast_head":"<!-- This site is optimized with the Yoast SEO plugin v23.5 - https:\/\/yoast.com\/wordpress\/plugins\/seo\/ -->\n<title>Archives des \u00e9tapes de la Tourn\u00e9e - Libere di vivere<\/title>\n<meta name=\"robots\" content=\"index, follow, max-snippet:-1, max-image-preview:large, max-video-preview:-1\" \/>\n<link rel=\"canonical\" href=\"https:\/\/www.liberedivivere.com\/fr\/archives-etapes-tournee\/\" \/>\n<meta property=\"og:locale\" content=\"fr_FR\" \/>\n<meta property=\"og:type\" content=\"article\" \/>\n<meta property=\"og:title\" content=\"Archives des \u00e9tapes de la Tourn\u00e9e - Libere di vivere\" \/>\n<meta property=\"og:description\" content=\"&nbsp; D\u00e9couvrez notre tourn\u00e9e &#8220;Libre de&#8230; VIVRE&#8221; dans les ann\u00e9es&#8230;\" \/>\n<meta property=\"og:url\" content=\"https:\/\/www.liberedivivere.com\/fr\/archives-etapes-tournee\/\" \/>\n<meta property=\"og:site_name\" content=\"Libere di vivere\" \/>\n<meta property=\"article:publisher\" content=\"https:\/\/www.facebook.com\/GlobalThinkingFoundation\/\" \/>\n<meta property=\"article:modified_time\" content=\"2025-06-17T09:38:37+00:00\" \/>\n<meta name=\"twitter:card\" content=\"summary_large_image\" \/>\n<meta name=\"twitter:label1\" content=\"Est. reading time\" \/>\n\t<meta name=\"twitter:data1\" content=\"1 minute\" \/>\n<script type=\"application\/ld+json\" class=\"yoast-schema-graph\">{\"@context\":\"https:\/\/schema.org\",\"@graph\":[{\"@type\":\"WebPage\",\"@id\":\"https:\/\/www.liberedivivere.com\/fr\/archives-etapes-tournee\/\",\"url\":\"https:\/\/www.liberedivivere.com\/fr\/archives-etapes-tournee\/\",\"name\":\"Archives des \u00e9tapes de la Tourn\u00e9e - Libere di vivere\",\"isPartOf\":{\"@id\":\"https:\/\/www.liberedivivere.com\/#website\"},\"datePublished\":\"2021-02-25T15:45:17+00:00\",\"dateModified\":\"2025-06-17T09:38:37+00:00\",\"breadcrumb\":{\"@id\":\"https:\/\/www.liberedivivere.com\/fr\/archives-etapes-tournee\/#breadcrumb\"},\"inLanguage\":\"fr-FR\",\"potentialAction\":[{\"@type\":\"ReadAction\",\"target\":[\"https:\/\/www.liberedivivere.com\/fr\/archives-etapes-tournee\/\"]}]},{\"@type\":\"BreadcrumbList\",\"@id\":\"https:\/\/www.liberedivivere.com\/fr\/archives-etapes-tournee\/#breadcrumb\",\"itemListElement\":[{\"@type\":\"ListItem\",\"position\":1,\"name\":\"Home\",\"item\":\"https:\/\/www.liberedivivere.com\/fr\/\"},{\"@type\":\"ListItem\",\"position\":2,\"name\":\"Archives des \u00e9tapes de la Tourn\u00e9e\"}]},{\"@type\":\"WebSite\",\"@id\":\"https:\/\/www.liberedivivere.com\/#website\",\"url\":\"https:\/\/www.liberedivivere.com\/\",\"name\":\"Libere di\u2026VIVERE\",\"description\":\"Just another WordPress site\",\"publisher\":{\"@id\":\"https:\/\/www.liberedivivere.com\/#organization\"},\"potentialAction\":[{\"@type\":\"SearchAction\",\"target\":{\"@type\":\"EntryPoint\",\"urlTemplate\":\"https:\/\/www.liberedivivere.com\/?s={search_term_string}\"},\"query-input\":{\"@type\":\"PropertyValueSpecification\",\"valueRequired\":true,\"valueName\":\"search_term_string\"}}],\"inLanguage\":\"fr-FR\"},{\"@type\":\"Organization\",\"@id\":\"https:\/\/www.liberedivivere.com\/#organization\",\"name\":\"Global Thinking Foundation\",\"url\":\"https:\/\/www.liberedivivere.com\/\",\"logo\":{\"@type\":\"ImageObject\",\"inLanguage\":\"fr-FR\",\"@id\":\"https:\/\/www.liberedivivere.com\/#\/schema\/logo\/image\/\",\"url\":\"https:\/\/www.liberedivivere.com\/wp-content\/uploads\/2020\/07\/logo_slider.png\",\"contentUrl\":\"https:\/\/www.liberedivivere.com\/wp-content\/uploads\/2020\/07\/logo_slider.png\",\"width\":605,\"height\":561,\"caption\":\"Global Thinking Foundation\"},\"image\":{\"@id\":\"https:\/\/www.liberedivivere.com\/#\/schema\/logo\/image\/\"},\"sameAs\":[\"https:\/\/www.facebook.com\/GlobalThinkingFoundation\/\",\"https:\/\/www.instagram.com\/globalthinkingfoundation\/\",\"https:\/\/www.youtube.com\/channel\/UCDNBF4vXJH618xaFlqdyYhw\"]}]}<\/script>\n<!-- \/ Yoast SEO plugin. -->","yoast_head_json":{"title":"Archives des \u00e9tapes de la Tourn\u00e9e - Libere di vivere","robots":{"index":"index","follow":"follow","max-snippet":"max-snippet:-1","max-image-preview":"max-image-preview:large","max-video-preview":"max-video-preview:-1"},"canonical":"https:\/\/www.liberedivivere.com\/fr\/archives-etapes-tournee\/","og_locale":"fr_FR","og_type":"article","og_title":"Archives des \u00e9tapes de la Tourn\u00e9e - Libere di vivere","og_description":"&nbsp; D\u00e9couvrez notre tourn\u00e9e &#8220;Libre de&#8230; VIVRE&#8221; dans les ann\u00e9es&#8230;","og_url":"https:\/\/www.liberedivivere.com\/fr\/archives-etapes-tournee\/","og_site_name":"Libere di vivere","article_publisher":"https:\/\/www.facebook.com\/GlobalThinkingFoundation\/","article_modified_time":"2025-06-17T09:38:37+00:00","twitter_card":"summary_large_image","twitter_misc":{"Est. reading time":"1 minute"},"schema":{"@context":"https:\/\/schema.org","@graph":[{"@type":"WebPage","@id":"https:\/\/www.liberedivivere.com\/fr\/archives-etapes-tournee\/","url":"https:\/\/www.liberedivivere.com\/fr\/archives-etapes-tournee\/","name":"Archives des \u00e9tapes de la Tourn\u00e9e - Libere di vivere","isPartOf":{"@id":"https:\/\/www.liberedivivere.com\/#website"},"datePublished":"2021-02-25T15:45:17+00:00","dateModified":"2025-06-17T09:38:37+00:00","breadcrumb":{"@id":"https:\/\/www.liberedivivere.com\/fr\/archives-etapes-tournee\/#breadcrumb"},"inLanguage":"fr-FR","potentialAction":[{"@type":"ReadAction","target":["https:\/\/www.liberedivivere.com\/fr\/archives-etapes-tournee\/"]}]},{"@type":"BreadcrumbList","@id":"https:\/\/www.liberedivivere.com\/fr\/archives-etapes-tournee\/#breadcrumb","itemListElement":[{"@type":"ListItem","position":1,"name":"Home","item":"https:\/\/www.liberedivivere.com\/fr\/"},{"@type":"ListItem","position":2,"name":"Archives des \u00e9tapes de la Tourn\u00e9e"}]},{"@type":"WebSite","@id":"https:\/\/www.liberedivivere.com\/#website","url":"https:\/\/www.liberedivivere.com\/","name":"Libere di\u2026VIVERE","description":"Just another WordPress site","publisher":{"@id":"https:\/\/www.liberedivivere.com\/#organization"},"potentialAction":[{"@type":"SearchAction","target":{"@type":"EntryPoint","urlTemplate":"https:\/\/www.liberedivivere.com\/?s={search_term_string}"},"query-input":{"@type":"PropertyValueSpecification","valueRequired":true,"valueName":"search_term_string"}}],"inLanguage":"fr-FR"},{"@type":"Organization","@id":"https:\/\/www.liberedivivere.com\/#organization","name":"Global Thinking Foundation","url":"https:\/\/www.liberedivivere.com\/","logo":{"@type":"ImageObject","inLanguage":"fr-FR","@id":"https:\/\/www.liberedivivere.com\/#\/schema\/logo\/image\/","url":"https:\/\/www.liberedivivere.com\/wp-content\/uploads\/2020\/07\/logo_slider.png","contentUrl":"https:\/\/www.liberedivivere.com\/wp-content\/uploads\/2020\/07\/logo_slider.png","width":605,"height":561,"caption":"Global Thinking Foundation"},"image":{"@id":"https:\/\/www.liberedivivere.com\/#\/schema\/logo\/image\/"},"sameAs":["https:\/\/www.facebook.com\/GlobalThinkingFoundation\/","https:\/\/www.instagram.com\/globalthinkingfoundation\/","https:\/\/www.youtube.com\/channel\/UCDNBF4vXJH618xaFlqdyYhw"]}]}},"_links":{"self":[{"href":"https:\/\/www.liberedivivere.com\/fr\/wp-json\/wp\/v2\/pages\/18770"}],"collection":[{"href":"https:\/\/www.liberedivivere.com\/fr\/wp-json\/wp\/v2\/pages"}],"about":[{"href":"https:\/\/www.liberedivivere.com\/fr\/wp-json\/wp\/v2\/types\/page"}],"author":[{"embeddable":true,"href":"https:\/\/www.liberedivivere.com\/fr\/wp-json\/wp\/v2\/users\/1"}],"replies":[{"embeddable":true,"href":"https:\/\/www.liberedivivere.com\/fr\/wp-json\/wp\/v2\/comments?post=18770"}],"version-history":[{"count":12,"href":"https:\/\/www.liberedivivere.com\/fr\/wp-json\/wp\/v2\/pages\/18770\/revisions"}],"predecessor-version":[{"id":27315,"href":"https:\/\/www.liberedivivere.com\/fr\/wp-json\/wp\/v2\/pages\/18770\/revisions\/27315"}],"wp:attachment":[{"href":"https:\/\/www.liberedivivere.com\/fr\/wp-json\/wp\/v2\/media?parent=18770"}],"curies":[{"name":"wp","href":"https:\/\/api.w.org\/{rel}","templated":true}]}}