
		
		
		{"id":18046,"date":"2021-02-05T14:02:54","date_gmt":"2021-02-05T14:02:54","guid":{"rendered":"https:\/\/www.liberedivivere.com\/?page_id=18046"},"modified":"2021-02-05T14:07:05","modified_gmt":"2021-02-05T14:07:05","slug":"thank-you","status":"publish","type":"page","link":"https:\/\/www.liberedivivere.com\/fr\/thank-you\/","title":{"rendered":"Thank you"},"content":{"rendered":"<p style=\"text-align: center;\">Merci pour votre inscription!<\/p>\n<p style=\"text-align: center;\">Aidez-nous \u00e0 am\u00e9liorer notre contenu et nos \u00e9v\u00e9nements <strong>en remplissant notre bref sondage:<\/strong><strong><a href=\"https:\/\/www.surveygizmo.com\/s3\/5539886\/-GLT-survey-eventi-new\"> cliquez ici.<\/a>.<\/strong><\/p>\n<p>Les <strong>contenus<\/strong> propos\u00e9s sur le site et lors de nos \u00e9v\u00e9nements ont \u00e9t\u00e9 enti\u00e8rement <strong>produits par Global Thinking Foundation<\/strong>. La n\u00f4tre est une <strong>Fondation \u00e0 but non lucratif<\/strong> qui s\u2019occupe de la diffusion de l\u2019\u00e9ducation financi\u00e8re pour une culture consciente de l\u2019\u00e9pargne, destin\u00e9e aux personnes d\u00e9munies et aux groupes vuln\u00e9rables de la soci\u00e9t\u00e9.<\/p>\n<p style=\"text-align: center;\">Votre soutien est pr\u00e9cieux pour nous.<\/p>\n<p>&nbsp;<\/p>\n<p>Merci!<\/p>\n<p><em>L\u2019\u00e9quipe de GLT<\/em><\/p>\n<p>&nbsp;<\/p>\n<p><img loading=\"lazy\" decoding=\"async\" class=\"alignnone wp-image-17954\" src=\"https:\/\/www.liberedivivere.com\/wp-content\/uploads\/2020\/07\/GLTF_LOGO_WEB-STANDARD_RGB.png\" alt=\"\" width=\"215\" height=\"79\" srcset=\"https:\/\/www.liberedivivere.com\/wp-content\/uploads\/2020\/07\/GLTF_LOGO_WEB-STANDARD_RGB.png 600w, https:\/\/www.liberedivivere.com\/wp-content\/uploads\/2020\/07\/GLTF_LOGO_WEB-STANDARD_RGB-250x92.png 250w, https:\/\/www.liberedivivere.com\/wp-content\/uploads\/2020\/07\/GLTF_LOGO_WEB-STANDARD_RGB-120x44.png 120w, https:\/\/www.liberedivivere.com\/wp-content\/uploads\/2020\/07\/GLTF_LOGO_WEB-STANDARD_RGB-500x183.png 500w\" sizes=\"(max-width: 215px) 100vw, 215px\" \/><\/p>\n","protected":false},"excerpt":{"rendered":"Merci pour votre inscription! Aidez-nous \u00e0 am\u00e9liorer notre contenu et nos \u00e9v\u00e9nements en remplissant notre bref sondage: cliquez ici.. Les contenus propos\u00e9s sur le site et lors de nos \u00e9v\u00e9nements ont \u00e9t\u00e9 enti\u00e8rement produits par Global Thinking Foundation. La n\u00f4tre est une Fondation \u00e0 but non lucratif qui s\u2019occupe de la diffusion de l\u2019\u00e9ducation financi\u00e8re&#8230; <a class=\"view-article\" href=\"https:\/\/www.liberedivivere.com\/fr\/thank-you\/\">Voir l&#8217;article<\/a>","protected":false},"author":1,"featured_media":0,"parent":0,"menu_order":0,"comment_status":"closed","ping_status":"closed","template":"","meta":{"_acf_changed":false,"footnotes":""},"class_list":["post-18046","page","type-page","status-publish","hentry"],"acf":[],"yoast_head":"<!-- This site is optimized with the Yoast SEO plugin v23.5 - https:\/\/yoast.com\/wordpress\/plugins\/seo\/ -->\n<title>Thank you - Libere di vivere<\/title>\n<meta name=\"robots\" content=\"index, follow, max-snippet:-1, max-image-preview:large, max-video-preview:-1\" \/>\n<link rel=\"canonical\" href=\"https:\/\/www.liberedivivere.com\/fr\/thank-you\/\" \/>\n<meta property=\"og:locale\" content=\"fr_FR\" \/>\n<meta property=\"og:type\" content=\"article\" \/>\n<meta property=\"og:title\" content=\"Thank you - Libere di vivere\" \/>\n<meta property=\"og:description\" content=\"Merci pour votre inscription! Aidez-nous \u00e0 am\u00e9liorer notre contenu et nos \u00e9v\u00e9nements en remplissant notre bref sondage: cliquez ici.. Les contenus propos\u00e9s sur le site et lors de nos \u00e9v\u00e9nements ont \u00e9t\u00e9 enti\u00e8rement produits par Global Thinking Foundation. La n\u00f4tre est une Fondation \u00e0 but non lucratif qui s\u2019occupe de la diffusion de l\u2019\u00e9ducation financi\u00e8re... Voir l&#039;article\" \/>\n<meta property=\"og:url\" content=\"https:\/\/www.liberedivivere.com\/fr\/thank-you\/\" \/>\n<meta property=\"og:site_name\" content=\"Libere di vivere\" \/>\n<meta property=\"article:publisher\" content=\"https:\/\/www.facebook.com\/GlobalThinkingFoundation\/\" \/>\n<meta property=\"article:modified_time\" content=\"2021-02-05T14:07:05+00:00\" \/>\n<meta property=\"og:image\" content=\"https:\/\/www.liberedivivere.com\/wp-content\/uploads\/2020\/07\/GLTF_LOGO_WEB-STANDARD_RGB.png\" \/>\n<meta name=\"twitter:card\" content=\"summary_large_image\" \/>\n<script type=\"application\/ld+json\" class=\"yoast-schema-graph\">{\"@context\":\"https:\/\/schema.org\",\"@graph\":[{\"@type\":\"WebPage\",\"@id\":\"https:\/\/www.liberedivivere.com\/fr\/thank-you\/\",\"url\":\"https:\/\/www.liberedivivere.com\/fr\/thank-you\/\",\"name\":\"Thank you - Libere di vivere\",\"isPartOf\":{\"@id\":\"https:\/\/www.liberedivivere.com\/#website\"},\"primaryImageOfPage\":{\"@id\":\"https:\/\/www.liberedivivere.com\/fr\/thank-you\/#primaryimage\"},\"image\":{\"@id\":\"https:\/\/www.liberedivivere.com\/fr\/thank-you\/#primaryimage\"},\"thumbnailUrl\":\"https:\/\/www.liberedivivere.com\/wp-content\/uploads\/2020\/07\/GLTF_LOGO_WEB-STANDARD_RGB.png\",\"datePublished\":\"2021-02-05T14:02:54+00:00\",\"dateModified\":\"2021-02-05T14:07:05+00:00\",\"breadcrumb\":{\"@id\":\"https:\/\/www.liberedivivere.com\/fr\/thank-you\/#breadcrumb\"},\"inLanguage\":\"fr-FR\",\"potentialAction\":[{\"@type\":\"ReadAction\",\"target\":[\"https:\/\/www.liberedivivere.com\/fr\/thank-you\/\"]}]},{\"@type\":\"ImageObject\",\"inLanguage\":\"fr-FR\",\"@id\":\"https:\/\/www.liberedivivere.com\/fr\/thank-you\/#primaryimage\",\"url\":\"https:\/\/www.liberedivivere.com\/wp-content\/uploads\/2020\/07\/GLTF_LOGO_WEB-STANDARD_RGB.png\",\"contentUrl\":\"https:\/\/www.liberedivivere.com\/wp-content\/uploads\/2020\/07\/GLTF_LOGO_WEB-STANDARD_RGB.png\"},{\"@type\":\"BreadcrumbList\",\"@id\":\"https:\/\/www.liberedivivere.com\/fr\/thank-you\/#breadcrumb\",\"itemListElement\":[{\"@type\":\"ListItem\",\"position\":1,\"name\":\"Home\",\"item\":\"https:\/\/www.liberedivivere.com\/fr\/\"},{\"@type\":\"ListItem\",\"position\":2,\"name\":\"Thank you\"}]},{\"@type\":\"WebSite\",\"@id\":\"https:\/\/www.liberedivivere.com\/#website\",\"url\":\"https:\/\/www.liberedivivere.com\/\",\"name\":\"Libere di\u2026VIVERE\",\"description\":\"Just another WordPress site\",\"publisher\":{\"@id\":\"https:\/\/www.liberedivivere.com\/#organization\"},\"potentialAction\":[{\"@type\":\"SearchAction\",\"target\":{\"@type\":\"EntryPoint\",\"urlTemplate\":\"https:\/\/www.liberedivivere.com\/?s={search_term_string}\"},\"query-input\":{\"@type\":\"PropertyValueSpecification\",\"valueRequired\":true,\"valueName\":\"search_term_string\"}}],\"inLanguage\":\"fr-FR\"},{\"@type\":\"Organization\",\"@id\":\"https:\/\/www.liberedivivere.com\/#organization\",\"name\":\"Global Thinking Foundation\",\"url\":\"https:\/\/www.liberedivivere.com\/\",\"logo\":{\"@type\":\"ImageObject\",\"inLanguage\":\"fr-FR\",\"@id\":\"https:\/\/www.liberedivivere.com\/#\/schema\/logo\/image\/\",\"url\":\"https:\/\/www.liberedivivere.com\/wp-content\/uploads\/2020\/07\/logo_slider.png\",\"contentUrl\":\"https:\/\/www.liberedivivere.com\/wp-content\/uploads\/2020\/07\/logo_slider.png\",\"width\":605,\"height\":561,\"caption\":\"Global Thinking Foundation\"},\"image\":{\"@id\":\"https:\/\/www.liberedivivere.com\/#\/schema\/logo\/image\/\"},\"sameAs\":[\"https:\/\/www.facebook.com\/GlobalThinkingFoundation\/\",\"https:\/\/www.instagram.com\/globalthinkingfoundation\/\",\"https:\/\/www.youtube.com\/channel\/UCDNBF4vXJH618xaFlqdyYhw\"]}]}<\/script>\n<!-- \/ Yoast SEO plugin. -->","yoast_head_json":{"title":"Thank you - Libere di vivere","robots":{"index":"index","follow":"follow","max-snippet":"max-snippet:-1","max-image-preview":"max-image-preview:large","max-video-preview":"max-video-preview:-1"},"canonical":"https:\/\/www.liberedivivere.com\/fr\/thank-you\/","og_locale":"fr_FR","og_type":"article","og_title":"Thank you - Libere di vivere","og_description":"Merci pour votre inscription! Aidez-nous \u00e0 am\u00e9liorer notre contenu et nos \u00e9v\u00e9nements en remplissant notre bref sondage: cliquez ici.. Les contenus propos\u00e9s sur le site et lors de nos \u00e9v\u00e9nements ont \u00e9t\u00e9 enti\u00e8rement produits par Global Thinking Foundation. La n\u00f4tre est une Fondation \u00e0 but non lucratif qui s\u2019occupe de la diffusion de l\u2019\u00e9ducation financi\u00e8re... Voir l'article","og_url":"https:\/\/www.liberedivivere.com\/fr\/thank-you\/","og_site_name":"Libere di vivere","article_publisher":"https:\/\/www.facebook.com\/GlobalThinkingFoundation\/","article_modified_time":"2021-02-05T14:07:05+00:00","og_image":[{"url":"https:\/\/www.liberedivivere.com\/wp-content\/uploads\/2020\/07\/GLTF_LOGO_WEB-STANDARD_RGB.png"}],"twitter_card":"summary_large_image","schema":{"@context":"https:\/\/schema.org","@graph":[{"@type":"WebPage","@id":"https:\/\/www.liberedivivere.com\/fr\/thank-you\/","url":"https:\/\/www.liberedivivere.com\/fr\/thank-you\/","name":"Thank you - Libere di vivere","isPartOf":{"@id":"https:\/\/www.liberedivivere.com\/#website"},"primaryImageOfPage":{"@id":"https:\/\/www.liberedivivere.com\/fr\/thank-you\/#primaryimage"},"image":{"@id":"https:\/\/www.liberedivivere.com\/fr\/thank-you\/#primaryimage"},"thumbnailUrl":"https:\/\/www.liberedivivere.com\/wp-content\/uploads\/2020\/07\/GLTF_LOGO_WEB-STANDARD_RGB.png","datePublished":"2021-02-05T14:02:54+00:00","dateModified":"2021-02-05T14:07:05+00:00","breadcrumb":{"@id":"https:\/\/www.liberedivivere.com\/fr\/thank-you\/#breadcrumb"},"inLanguage":"fr-FR","potentialAction":[{"@type":"ReadAction","target":["https:\/\/www.liberedivivere.com\/fr\/thank-you\/"]}]},{"@type":"ImageObject","inLanguage":"fr-FR","@id":"https:\/\/www.liberedivivere.com\/fr\/thank-you\/#primaryimage","url":"https:\/\/www.liberedivivere.com\/wp-content\/uploads\/2020\/07\/GLTF_LOGO_WEB-STANDARD_RGB.png","contentUrl":"https:\/\/www.liberedivivere.com\/wp-content\/uploads\/2020\/07\/GLTF_LOGO_WEB-STANDARD_RGB.png"},{"@type":"BreadcrumbList","@id":"https:\/\/www.liberedivivere.com\/fr\/thank-you\/#breadcrumb","itemListElement":[{"@type":"ListItem","position":1,"name":"Home","item":"https:\/\/www.liberedivivere.com\/fr\/"},{"@type":"ListItem","position":2,"name":"Thank you"}]},{"@type":"WebSite","@id":"https:\/\/www.liberedivivere.com\/#website","url":"https:\/\/www.liberedivivere.com\/","name":"Libere di\u2026VIVERE","description":"Just another WordPress site","publisher":{"@id":"https:\/\/www.liberedivivere.com\/#organization"},"potentialAction":[{"@type":"SearchAction","target":{"@type":"EntryPoint","urlTemplate":"https:\/\/www.liberedivivere.com\/?s={search_term_string}"},"query-input":{"@type":"PropertyValueSpecification","valueRequired":true,"valueName":"search_term_string"}}],"inLanguage":"fr-FR"},{"@type":"Organization","@id":"https:\/\/www.liberedivivere.com\/#organization","name":"Global Thinking Foundation","url":"https:\/\/www.liberedivivere.com\/","logo":{"@type":"ImageObject","inLanguage":"fr-FR","@id":"https:\/\/www.liberedivivere.com\/#\/schema\/logo\/image\/","url":"https:\/\/www.liberedivivere.com\/wp-content\/uploads\/2020\/07\/logo_slider.png","contentUrl":"https:\/\/www.liberedivivere.com\/wp-content\/uploads\/2020\/07\/logo_slider.png","width":605,"height":561,"caption":"Global Thinking Foundation"},"image":{"@id":"https:\/\/www.liberedivivere.com\/#\/schema\/logo\/image\/"},"sameAs":["https:\/\/www.facebook.com\/GlobalThinkingFoundation\/","https:\/\/www.instagram.com\/globalthinkingfoundation\/","https:\/\/www.youtube.com\/channel\/UCDNBF4vXJH618xaFlqdyYhw"]}]}},"_links":{"self":[{"href":"https:\/\/www.liberedivivere.com\/fr\/wp-json\/wp\/v2\/pages\/18046"}],"collection":[{"href":"https:\/\/www.liberedivivere.com\/fr\/wp-json\/wp\/v2\/pages"}],"about":[{"href":"https:\/\/www.liberedivivere.com\/fr\/wp-json\/wp\/v2\/types\/page"}],"author":[{"embeddable":true,"href":"https:\/\/www.liberedivivere.com\/fr\/wp-json\/wp\/v2\/users\/1"}],"replies":[{"embeddable":true,"href":"https:\/\/www.liberedivivere.com\/fr\/wp-json\/wp\/v2\/comments?post=18046"}],"version-history":[{"count":2,"href":"https:\/\/www.liberedivivere.com\/fr\/wp-json\/wp\/v2\/pages\/18046\/revisions"}],"predecessor-version":[{"id":18052,"href":"https:\/\/www.liberedivivere.com\/fr\/wp-json\/wp\/v2\/pages\/18046\/revisions\/18052"}],"wp:attachment":[{"href":"https:\/\/www.liberedivivere.com\/fr\/wp-json\/wp\/v2\/media?parent=18046"}],"curies":[{"name":"wp","href":"https:\/\/api.w.org\/{rel}","templated":true}]}}