
		
		
		{"id":18039,"date":"2021-02-05T11:27:33","date_gmt":"2021-02-05T11:27:33","guid":{"rendered":"https:\/\/www.liberedivivere.com\/virtual-tour\/"},"modified":"2023-04-28T05:44:43","modified_gmt":"2023-04-28T05:44:43","slug":"virtual-tour","status":"publish","type":"page","link":"https:\/\/www.liberedivivere.com\/fr\/virtual-tour\/","title":{"rendered":"Visite Virtuelle"},"content":{"rendered":"<p>Nous avons r\u00e9alis\u00e9, dans cette \u00e8re post-pand\u00e9mique, une m\u00e9thodologie didactique hybride qui est aussi une plateforme ouverte et toujours \u00e0 jour pour les enseignants et les familles <strong>avec la premi\u00e8re visite virtuelle en 3D, pour une Exposition Culturelle d\u00e9di\u00e9e \u00e0 l&#8217;\u00e9galit\u00e9 des sexes et aux droits des femmes, unique en son genre et jamais exp\u00e9riment\u00e9e en Italie :<\/strong> <strong>Libere di&#8230; VIVERE !<\/strong><\/p>\n<p>Nous sommes dans la quatri\u00e8me ann\u00e9e du Tour et nous avons abord\u00e9 la pr\u00e9vention de la violence \u00e9conomique et des abus financiers sous de nombreux angles, avec des \u00e9v\u00e9nements vid\u00e9o que vous trouverez dans les cartes postales, mais surtout avec notre Exposition itin\u00e9rante, ici en 3D pour vous, et nous avons rencontr\u00e9 des \u00e9coles et la citoyennet\u00e9 en discutant :<\/p>\n<p>&nbsp;<\/p>\n<p>&#8211; 2020 : Inclusion sociale et pr\u00e9vention de la violence \u00e9conomique.<\/p>\n<p>&#8211; 2021 : L&#8217;\u00e9mancipation des femmes entre num\u00e9risation et durabilit\u00e9<\/p>\n<p>&#8211; 2022 : La cybers\u00e9curit\u00e9 comme r\u00e9ponse \u00e0 la dimension num\u00e9rique de la violence bas\u00e9e sur le genre.<\/p>\n<p>&#8211; 2023 : Solidarit\u00e9 sociale, diversit\u00e9 et sant\u00e9 : les autres visages de la violence \u00e9conomique.<\/p>\n<p>&nbsp;<\/p>\n<p>Pendant les \u00e9tapes physiques de l&#8217;exposition, les \u0153uvres sont expos\u00e9es dans des palais qui symbolisent l&#8217;histoire et la vie des communaut\u00e9s de la ville. Des \u00e9v\u00e9nements institutionnels et des repr\u00e9sentations th\u00e9\u00e2trales sont \u00e9galement organis\u00e9s dans le cadre de l&#8217;exposition sur les th\u00e8mes cl\u00e9s de ce projet, qui refl\u00e8tent pleinement l&#8217;engagement de la Fondation envers les objectifs globaux de l&#8217;Agenda 2030 (objectifs 4, 5, 8 et 10), en particulier l&#8217;\u00e9galit\u00e9 des sexes, l&#8217;inclusion sociale, la durabilit\u00e9 \u00e9conomique des familles et la solidarit\u00e9 transg\u00e9n\u00e9rationnelle en mati\u00e8re d&#8217;\u00e9ducation, d&#8217;information et de citoyennet\u00e9 active.<\/p>\n<p>Au cours de 3 ann\u00e9es du Tour, nous avons rencontr\u00e9 la citoyennet\u00e9 de pas moins de 50 municipalit\u00e9s, et au cours des trois premi\u00e8res ann\u00e9es seulement, pas moins de :<\/p>\n<p>&nbsp;<\/p>\n<p><strong>5887 visiteurs physiques et 84150 visiteurs num\u00e9riques.<\/strong><\/p>\n<p>&nbsp;<\/p>\n<p>Sur ce site, en plus de tout le mat\u00e9riel en d\u00e9tail et des fiches p\u00e9dagogiques pour les ateliers scolaires bas\u00e9s sur le mod\u00e8le d&#8217;enseignement innovant <strong>M\u00e9thode AVN 1.0 de Global Thinking Foundation ETS,<\/strong> vous trouverez la visite virtuelle 3D, qui vous permettra d&#8217;observer les \u0153uvres de pr\u00e8s et de lire leur description, dans le d\u00e9veloppement conceptuel des trois sections de l&#8217;Exposition :<\/p>\n<p>&nbsp;<\/p>\n<p>Salle 1 &#8211; Les femmes, h\u00e9ro\u00efnes de bandes dessin\u00e9es : nous relier aux id\u00e9aux du f\u00e9minisme.<\/p>\n<p>Salle 2 &#8211; Les romans graphiques : The Rule of the Void, The Ragged Girl, Women&#8217;s Voices from Infinite Universes.<\/p>\n<p>Salle 3 &#8211; Les \u0153uvres de la violence \u00e9conomique : Repr\u00e9sentations d&#8217;une violence sournoise et annihilante<\/p>\n<p>&nbsp;<\/p>\n<p><u>Si l&#8217;exposition met quelques secondes de plus \u00e0 se charger, ne vous inqui\u00e9tez pas. Il y a plein d&#8217;\u0153uvres qui font sentir leur poids !<\/u><\/p>\n<p><u>Nous vous remercions de votre attente et vous souhaitons une fantastique exp\u00e9rience de culture, de musique et d&#8217;information ! Et n&#8217;oubliez pas de parcourir les autres sections du site et les nouvelles Galeries !<\/u><\/p>\n<div>\n<div class=\"responsive16x9\"><iframe src=\"https:\/\/www.liberedivivere.com\/museo_dm_fr\/index.html\" frameborder=\"0\" allowfullscreen=\"allowfullscreen\"><\/iframe><\/div>\n<\/div>\n","protected":false},"excerpt":{"rendered":"Nous avons r\u00e9alis\u00e9, dans cette \u00e8re post-pand\u00e9mique, une m\u00e9thodologie didactique hybride qui est aussi une plateforme ouverte et toujours \u00e0 jour pour les enseignants et les familles avec la premi\u00e8re visite virtuelle en 3D, pour une Exposition Culturelle d\u00e9di\u00e9e \u00e0 l&#8217;\u00e9galit\u00e9 des sexes et aux droits des femmes, unique en son genre et jamais exp\u00e9riment\u00e9e&#8230; <a class=\"view-article\" href=\"https:\/\/www.liberedivivere.com\/fr\/virtual-tour\/\">Voir l&#8217;article<\/a>","protected":false},"author":1,"featured_media":0,"parent":0,"menu_order":0,"comment_status":"closed","ping_status":"closed","template":"","meta":{"_acf_changed":false,"footnotes":""},"class_list":["post-18039","page","type-page","status-publish","hentry"],"acf":[],"yoast_head":"<!-- This site is optimized with the Yoast SEO plugin v23.5 - https:\/\/yoast.com\/wordpress\/plugins\/seo\/ -->\n<title>Visite Virtuelle - Libere di vivere<\/title>\n<meta name=\"robots\" content=\"index, follow, max-snippet:-1, max-image-preview:large, max-video-preview:-1\" \/>\n<link rel=\"canonical\" href=\"https:\/\/www.liberedivivere.com\/fr\/virtual-tour\/\" \/>\n<meta property=\"og:locale\" content=\"fr_FR\" \/>\n<meta property=\"og:type\" content=\"article\" \/>\n<meta property=\"og:title\" content=\"Visite Virtuelle - Libere di vivere\" \/>\n<meta property=\"og:description\" content=\"Nous avons r\u00e9alis\u00e9, dans cette \u00e8re post-pand\u00e9mique, une m\u00e9thodologie didactique hybride qui est aussi une plateforme ouverte et toujours \u00e0 jour pour les enseignants et les familles avec la premi\u00e8re visite virtuelle en 3D, pour une Exposition Culturelle d\u00e9di\u00e9e \u00e0 l&#8217;\u00e9galit\u00e9 des sexes et aux droits des femmes, unique en son genre et jamais exp\u00e9riment\u00e9e... Voir l&#039;article\" \/>\n<meta property=\"og:url\" content=\"https:\/\/www.liberedivivere.com\/fr\/virtual-tour\/\" \/>\n<meta property=\"og:site_name\" content=\"Libere di vivere\" \/>\n<meta property=\"article:publisher\" content=\"https:\/\/www.facebook.com\/GlobalThinkingFoundation\/\" \/>\n<meta property=\"article:modified_time\" content=\"2023-04-28T05:44:43+00:00\" \/>\n<meta name=\"twitter:card\" content=\"summary_large_image\" \/>\n<meta name=\"twitter:label1\" content=\"Est. reading time\" \/>\n\t<meta name=\"twitter:data1\" content=\"3 minutes\" \/>\n<script type=\"application\/ld+json\" class=\"yoast-schema-graph\">{\"@context\":\"https:\/\/schema.org\",\"@graph\":[{\"@type\":\"WebPage\",\"@id\":\"https:\/\/www.liberedivivere.com\/fr\/virtual-tour\/\",\"url\":\"https:\/\/www.liberedivivere.com\/fr\/virtual-tour\/\",\"name\":\"Visite Virtuelle - Libere di vivere\",\"isPartOf\":{\"@id\":\"https:\/\/www.liberedivivere.com\/#website\"},\"datePublished\":\"2021-02-05T11:27:33+00:00\",\"dateModified\":\"2023-04-28T05:44:43+00:00\",\"breadcrumb\":{\"@id\":\"https:\/\/www.liberedivivere.com\/fr\/virtual-tour\/#breadcrumb\"},\"inLanguage\":\"fr-FR\",\"potentialAction\":[{\"@type\":\"ReadAction\",\"target\":[\"https:\/\/www.liberedivivere.com\/fr\/virtual-tour\/\"]}]},{\"@type\":\"BreadcrumbList\",\"@id\":\"https:\/\/www.liberedivivere.com\/fr\/virtual-tour\/#breadcrumb\",\"itemListElement\":[{\"@type\":\"ListItem\",\"position\":1,\"name\":\"Home\",\"item\":\"https:\/\/www.liberedivivere.com\/fr\/\"},{\"@type\":\"ListItem\",\"position\":2,\"name\":\"Visite Virtuelle\"}]},{\"@type\":\"WebSite\",\"@id\":\"https:\/\/www.liberedivivere.com\/#website\",\"url\":\"https:\/\/www.liberedivivere.com\/\",\"name\":\"Libere di\u2026VIVERE\",\"description\":\"Just another WordPress site\",\"publisher\":{\"@id\":\"https:\/\/www.liberedivivere.com\/#organization\"},\"potentialAction\":[{\"@type\":\"SearchAction\",\"target\":{\"@type\":\"EntryPoint\",\"urlTemplate\":\"https:\/\/www.liberedivivere.com\/?s={search_term_string}\"},\"query-input\":{\"@type\":\"PropertyValueSpecification\",\"valueRequired\":true,\"valueName\":\"search_term_string\"}}],\"inLanguage\":\"fr-FR\"},{\"@type\":\"Organization\",\"@id\":\"https:\/\/www.liberedivivere.com\/#organization\",\"name\":\"Global Thinking Foundation\",\"url\":\"https:\/\/www.liberedivivere.com\/\",\"logo\":{\"@type\":\"ImageObject\",\"inLanguage\":\"fr-FR\",\"@id\":\"https:\/\/www.liberedivivere.com\/#\/schema\/logo\/image\/\",\"url\":\"https:\/\/www.liberedivivere.com\/wp-content\/uploads\/2020\/07\/logo_slider.png\",\"contentUrl\":\"https:\/\/www.liberedivivere.com\/wp-content\/uploads\/2020\/07\/logo_slider.png\",\"width\":605,\"height\":561,\"caption\":\"Global Thinking Foundation\"},\"image\":{\"@id\":\"https:\/\/www.liberedivivere.com\/#\/schema\/logo\/image\/\"},\"sameAs\":[\"https:\/\/www.facebook.com\/GlobalThinkingFoundation\/\",\"https:\/\/www.instagram.com\/globalthinkingfoundation\/\",\"https:\/\/www.youtube.com\/channel\/UCDNBF4vXJH618xaFlqdyYhw\"]}]}<\/script>\n<!-- \/ Yoast SEO plugin. -->","yoast_head_json":{"title":"Visite Virtuelle - Libere di vivere","robots":{"index":"index","follow":"follow","max-snippet":"max-snippet:-1","max-image-preview":"max-image-preview:large","max-video-preview":"max-video-preview:-1"},"canonical":"https:\/\/www.liberedivivere.com\/fr\/virtual-tour\/","og_locale":"fr_FR","og_type":"article","og_title":"Visite Virtuelle - Libere di vivere","og_description":"Nous avons r\u00e9alis\u00e9, dans cette \u00e8re post-pand\u00e9mique, une m\u00e9thodologie didactique hybride qui est aussi une plateforme ouverte et toujours \u00e0 jour pour les enseignants et les familles avec la premi\u00e8re visite virtuelle en 3D, pour une Exposition Culturelle d\u00e9di\u00e9e \u00e0 l&#8217;\u00e9galit\u00e9 des sexes et aux droits des femmes, unique en son genre et jamais exp\u00e9riment\u00e9e... Voir l'article","og_url":"https:\/\/www.liberedivivere.com\/fr\/virtual-tour\/","og_site_name":"Libere di vivere","article_publisher":"https:\/\/www.facebook.com\/GlobalThinkingFoundation\/","article_modified_time":"2023-04-28T05:44:43+00:00","twitter_card":"summary_large_image","twitter_misc":{"Est. reading time":"3 minutes"},"schema":{"@context":"https:\/\/schema.org","@graph":[{"@type":"WebPage","@id":"https:\/\/www.liberedivivere.com\/fr\/virtual-tour\/","url":"https:\/\/www.liberedivivere.com\/fr\/virtual-tour\/","name":"Visite Virtuelle - Libere di vivere","isPartOf":{"@id":"https:\/\/www.liberedivivere.com\/#website"},"datePublished":"2021-02-05T11:27:33+00:00","dateModified":"2023-04-28T05:44:43+00:00","breadcrumb":{"@id":"https:\/\/www.liberedivivere.com\/fr\/virtual-tour\/#breadcrumb"},"inLanguage":"fr-FR","potentialAction":[{"@type":"ReadAction","target":["https:\/\/www.liberedivivere.com\/fr\/virtual-tour\/"]}]},{"@type":"BreadcrumbList","@id":"https:\/\/www.liberedivivere.com\/fr\/virtual-tour\/#breadcrumb","itemListElement":[{"@type":"ListItem","position":1,"name":"Home","item":"https:\/\/www.liberedivivere.com\/fr\/"},{"@type":"ListItem","position":2,"name":"Visite Virtuelle"}]},{"@type":"WebSite","@id":"https:\/\/www.liberedivivere.com\/#website","url":"https:\/\/www.liberedivivere.com\/","name":"Libere di\u2026VIVERE","description":"Just another WordPress site","publisher":{"@id":"https:\/\/www.liberedivivere.com\/#organization"},"potentialAction":[{"@type":"SearchAction","target":{"@type":"EntryPoint","urlTemplate":"https:\/\/www.liberedivivere.com\/?s={search_term_string}"},"query-input":{"@type":"PropertyValueSpecification","valueRequired":true,"valueName":"search_term_string"}}],"inLanguage":"fr-FR"},{"@type":"Organization","@id":"https:\/\/www.liberedivivere.com\/#organization","name":"Global Thinking Foundation","url":"https:\/\/www.liberedivivere.com\/","logo":{"@type":"ImageObject","inLanguage":"fr-FR","@id":"https:\/\/www.liberedivivere.com\/#\/schema\/logo\/image\/","url":"https:\/\/www.liberedivivere.com\/wp-content\/uploads\/2020\/07\/logo_slider.png","contentUrl":"https:\/\/www.liberedivivere.com\/wp-content\/uploads\/2020\/07\/logo_slider.png","width":605,"height":561,"caption":"Global Thinking Foundation"},"image":{"@id":"https:\/\/www.liberedivivere.com\/#\/schema\/logo\/image\/"},"sameAs":["https:\/\/www.facebook.com\/GlobalThinkingFoundation\/","https:\/\/www.instagram.com\/globalthinkingfoundation\/","https:\/\/www.youtube.com\/channel\/UCDNBF4vXJH618xaFlqdyYhw"]}]}},"_links":{"self":[{"href":"https:\/\/www.liberedivivere.com\/fr\/wp-json\/wp\/v2\/pages\/18039"}],"collection":[{"href":"https:\/\/www.liberedivivere.com\/fr\/wp-json\/wp\/v2\/pages"}],"about":[{"href":"https:\/\/www.liberedivivere.com\/fr\/wp-json\/wp\/v2\/types\/page"}],"author":[{"embeddable":true,"href":"https:\/\/www.liberedivivere.com\/fr\/wp-json\/wp\/v2\/users\/1"}],"replies":[{"embeddable":true,"href":"https:\/\/www.liberedivivere.com\/fr\/wp-json\/wp\/v2\/comments?post=18039"}],"version-history":[{"count":6,"href":"https:\/\/www.liberedivivere.com\/fr\/wp-json\/wp\/v2\/pages\/18039\/revisions"}],"predecessor-version":[{"id":23971,"href":"https:\/\/www.liberedivivere.com\/fr\/wp-json\/wp\/v2\/pages\/18039\/revisions\/23971"}],"wp:attachment":[{"href":"https:\/\/www.liberedivivere.com\/fr\/wp-json\/wp\/v2\/media?parent=18039"}],"curies":[{"name":"wp","href":"https:\/\/api.w.org\/{rel}","templated":true}]}}