
		
		
		{"id":18032,"date":"2021-02-05T11:21:16","date_gmt":"2021-02-05T11:21:16","guid":{"rendered":"https:\/\/www.liberedivivere.com\/?page_id=18032"},"modified":"2023-07-25T14:43:18","modified_gmt":"2023-07-25T14:43:18","slug":"etapes","status":"publish","type":"page","link":"https:\/\/www.liberedivivere.com\/fr\/etapes\/","title":{"rendered":"\u00c9tapes"},"content":{"rendered":"<h5>La participation \u00e0 nos \u00e9v\u00e9nements est <span style=\"text-decoration: underline;\">gratuite.<\/span><br \/>\nL&#8217;inscription <span lang=\"EN-US\">dans la case ci-dessus est<\/span> <span style=\"text-decoration: underline;\">obligatoire<\/span> et est <span lang=\"EN-US\">valable que pour <\/span><span style=\"text-decoration: underline;\">une seule personne<\/span>: veuillez utiliser une adresse \u00e9lectronique diff\u00e9rente pour chaque inscription.<br \/>\nL&#8217;inscription n&#8217;est valable qu&#8217;avec le <span style=\"text-decoration: underline;\">Super Green Pass, <span lang=\"EN-US\"><u>le masque FFP2<\/u><\/span><\/span>\u00a0et <span style=\"text-decoration: underline;\">sous r\u00e9serve de disponibilit\u00e9<\/span>.<\/h5>\n<p>\ud83d\udc49\ud83c\udffc Les \u00e9v\u00e9nements seront enregistr\u00e9s. Vous ne pouvez pas participer? Pas de probl\u00e8me, tous les ateliers sont \u00e9galement diffus\u00e9s <span style=\"text-decoration: underline;\"><strong>EN DIRECT SUR NOS CANAUX SOCIAUX.<\/strong><\/span> Cliquez ci-dessous\u00a0sur nos pages pour les suivre:<\/p>\n<ul>\n<li><strong><a href=\"https:\/\/www.facebook.com\/GlobalThinkingFoundation\/\">Facebook<\/a><\/strong><\/li>\n<li><strong><a href=\"https:\/\/www.youtube.com\/channel\/UCDNBF4vXJH618xaFlqdyYhw\">YouTube<\/a><\/strong><\/li>\n<li><strong><a href=\"https:\/\/www.instagram.com\/globalthinkingfoundation\/\">Instagram<\/a><\/strong><\/li>\n<\/ul>\n","protected":false},"excerpt":{"rendered":"La participation \u00e0 nos \u00e9v\u00e9nements est gratuite. L&#8217;inscription dans la case ci-dessus est obligatoire et est valable que pour une seule personne: veuillez utiliser une adresse \u00e9lectronique diff\u00e9rente pour chaque inscription. L&#8217;inscription n&#8217;est valable qu&#8217;avec le Super Green Pass, le masque FFP2\u00a0et sous r\u00e9serve de disponibilit\u00e9. \ud83d\udc49\ud83c\udffc Les \u00e9v\u00e9nements seront enregistr\u00e9s. Vous ne pouvez pas&#8230; <a class=\"view-article\" href=\"https:\/\/www.liberedivivere.com\/fr\/etapes\/\">Voir l&#8217;article<\/a>","protected":false},"author":1,"featured_media":19070,"parent":0,"menu_order":0,"comment_status":"closed","ping_status":"closed","template":"page_custom_stages.php","meta":{"_acf_changed":false,"footnotes":""},"class_list":["post-18032","page","type-page","status-publish","has-post-thumbnail","hentry"],"acf":[],"yoast_head":"<!-- This site is optimized with the Yoast SEO plugin v23.5 - https:\/\/yoast.com\/wordpress\/plugins\/seo\/ -->\n<title>\u00c9tapes - Libere di vivere<\/title>\n<meta name=\"robots\" content=\"index, follow, max-snippet:-1, max-image-preview:large, max-video-preview:-1\" \/>\n<link rel=\"canonical\" href=\"https:\/\/www.liberedivivere.com\/fr\/etapes\/\" \/>\n<meta property=\"og:locale\" content=\"fr_FR\" \/>\n<meta property=\"og:type\" content=\"article\" \/>\n<meta property=\"og:title\" content=\"\u00c9tapes - Libere di vivere\" \/>\n<meta property=\"og:description\" content=\"La participation \u00e0 nos \u00e9v\u00e9nements est gratuite. L&#8217;inscription dans la case ci-dessus est obligatoire et est valable que pour une seule personne: veuillez utiliser une adresse \u00e9lectronique diff\u00e9rente pour chaque inscription. L&#8217;inscription n&#8217;est valable qu&#8217;avec le Super Green Pass, le masque FFP2\u00a0et sous r\u00e9serve de disponibilit\u00e9. \ud83d\udc49\ud83c\udffc Les \u00e9v\u00e9nements seront enregistr\u00e9s. Vous ne pouvez pas... Voir l&#039;article\" \/>\n<meta property=\"og:url\" content=\"https:\/\/www.liberedivivere.com\/fr\/etapes\/\" \/>\n<meta property=\"og:site_name\" content=\"Libere di vivere\" \/>\n<meta property=\"article:publisher\" content=\"https:\/\/www.facebook.com\/GlobalThinkingFoundation\/\" \/>\n<meta property=\"article:modified_time\" content=\"2023-07-25T14:43:18+00:00\" \/>\n<meta property=\"og:image\" content=\"https:\/\/www.liberedivivere.com\/wp-content\/uploads\/2021\/05\/tappe.jpg\" \/>\n\t<meta property=\"og:image:width\" content=\"1000\" \/>\n\t<meta property=\"og:image:height\" content=\"270\" \/>\n\t<meta property=\"og:image:type\" content=\"image\/jpeg\" \/>\n<meta name=\"twitter:card\" content=\"summary_large_image\" \/>\n<meta name=\"twitter:label1\" content=\"Est. reading time\" \/>\n\t<meta name=\"twitter:data1\" content=\"1 minute\" \/>\n<script type=\"application\/ld+json\" class=\"yoast-schema-graph\">{\"@context\":\"https:\/\/schema.org\",\"@graph\":[{\"@type\":\"WebPage\",\"@id\":\"https:\/\/www.liberedivivere.com\/fr\/etapes\/\",\"url\":\"https:\/\/www.liberedivivere.com\/fr\/etapes\/\",\"name\":\"\u00c9tapes - Libere di vivere\",\"isPartOf\":{\"@id\":\"https:\/\/www.liberedivivere.com\/#website\"},\"primaryImageOfPage\":{\"@id\":\"https:\/\/www.liberedivivere.com\/fr\/etapes\/#primaryimage\"},\"image\":{\"@id\":\"https:\/\/www.liberedivivere.com\/fr\/etapes\/#primaryimage\"},\"thumbnailUrl\":\"https:\/\/www.liberedivivere.com\/wp-content\/uploads\/2021\/05\/tappe.jpg\",\"datePublished\":\"2021-02-05T11:21:16+00:00\",\"dateModified\":\"2023-07-25T14:43:18+00:00\",\"breadcrumb\":{\"@id\":\"https:\/\/www.liberedivivere.com\/fr\/etapes\/#breadcrumb\"},\"inLanguage\":\"fr-FR\",\"potentialAction\":[{\"@type\":\"ReadAction\",\"target\":[\"https:\/\/www.liberedivivere.com\/fr\/etapes\/\"]}]},{\"@type\":\"ImageObject\",\"inLanguage\":\"fr-FR\",\"@id\":\"https:\/\/www.liberedivivere.com\/fr\/etapes\/#primaryimage\",\"url\":\"https:\/\/www.liberedivivere.com\/wp-content\/uploads\/2021\/05\/tappe.jpg\",\"contentUrl\":\"https:\/\/www.liberedivivere.com\/wp-content\/uploads\/2021\/05\/tappe.jpg\",\"width\":1000,\"height\":270},{\"@type\":\"BreadcrumbList\",\"@id\":\"https:\/\/www.liberedivivere.com\/fr\/etapes\/#breadcrumb\",\"itemListElement\":[{\"@type\":\"ListItem\",\"position\":1,\"name\":\"Home\",\"item\":\"https:\/\/www.liberedivivere.com\/fr\/\"},{\"@type\":\"ListItem\",\"position\":2,\"name\":\"\u00c9tapes\"}]},{\"@type\":\"WebSite\",\"@id\":\"https:\/\/www.liberedivivere.com\/#website\",\"url\":\"https:\/\/www.liberedivivere.com\/\",\"name\":\"Libere di\u2026VIVERE\",\"description\":\"Just another WordPress site\",\"publisher\":{\"@id\":\"https:\/\/www.liberedivivere.com\/#organization\"},\"potentialAction\":[{\"@type\":\"SearchAction\",\"target\":{\"@type\":\"EntryPoint\",\"urlTemplate\":\"https:\/\/www.liberedivivere.com\/?s={search_term_string}\"},\"query-input\":{\"@type\":\"PropertyValueSpecification\",\"valueRequired\":true,\"valueName\":\"search_term_string\"}}],\"inLanguage\":\"fr-FR\"},{\"@type\":\"Organization\",\"@id\":\"https:\/\/www.liberedivivere.com\/#organization\",\"name\":\"Global Thinking Foundation\",\"url\":\"https:\/\/www.liberedivivere.com\/\",\"logo\":{\"@type\":\"ImageObject\",\"inLanguage\":\"fr-FR\",\"@id\":\"https:\/\/www.liberedivivere.com\/#\/schema\/logo\/image\/\",\"url\":\"https:\/\/www.liberedivivere.com\/wp-content\/uploads\/2020\/07\/logo_slider.png\",\"contentUrl\":\"https:\/\/www.liberedivivere.com\/wp-content\/uploads\/2020\/07\/logo_slider.png\",\"width\":605,\"height\":561,\"caption\":\"Global Thinking Foundation\"},\"image\":{\"@id\":\"https:\/\/www.liberedivivere.com\/#\/schema\/logo\/image\/\"},\"sameAs\":[\"https:\/\/www.facebook.com\/GlobalThinkingFoundation\/\",\"https:\/\/www.instagram.com\/globalthinkingfoundation\/\",\"https:\/\/www.youtube.com\/channel\/UCDNBF4vXJH618xaFlqdyYhw\"]}]}<\/script>\n<!-- \/ Yoast SEO plugin. -->","yoast_head_json":{"title":"\u00c9tapes - Libere di vivere","robots":{"index":"index","follow":"follow","max-snippet":"max-snippet:-1","max-image-preview":"max-image-preview:large","max-video-preview":"max-video-preview:-1"},"canonical":"https:\/\/www.liberedivivere.com\/fr\/etapes\/","og_locale":"fr_FR","og_type":"article","og_title":"\u00c9tapes - Libere di vivere","og_description":"La participation \u00e0 nos \u00e9v\u00e9nements est gratuite. L&#8217;inscription dans la case ci-dessus est obligatoire et est valable que pour une seule personne: veuillez utiliser une adresse \u00e9lectronique diff\u00e9rente pour chaque inscription. L&#8217;inscription n&#8217;est valable qu&#8217;avec le Super Green Pass, le masque FFP2\u00a0et sous r\u00e9serve de disponibilit\u00e9. \ud83d\udc49\ud83c\udffc Les \u00e9v\u00e9nements seront enregistr\u00e9s. Vous ne pouvez pas... Voir l'article","og_url":"https:\/\/www.liberedivivere.com\/fr\/etapes\/","og_site_name":"Libere di vivere","article_publisher":"https:\/\/www.facebook.com\/GlobalThinkingFoundation\/","article_modified_time":"2023-07-25T14:43:18+00:00","og_image":[{"width":1000,"height":270,"url":"https:\/\/www.liberedivivere.com\/wp-content\/uploads\/2021\/05\/tappe.jpg","type":"image\/jpeg"}],"twitter_card":"summary_large_image","twitter_misc":{"Est. reading time":"1 minute"},"schema":{"@context":"https:\/\/schema.org","@graph":[{"@type":"WebPage","@id":"https:\/\/www.liberedivivere.com\/fr\/etapes\/","url":"https:\/\/www.liberedivivere.com\/fr\/etapes\/","name":"\u00c9tapes - Libere di vivere","isPartOf":{"@id":"https:\/\/www.liberedivivere.com\/#website"},"primaryImageOfPage":{"@id":"https:\/\/www.liberedivivere.com\/fr\/etapes\/#primaryimage"},"image":{"@id":"https:\/\/www.liberedivivere.com\/fr\/etapes\/#primaryimage"},"thumbnailUrl":"https:\/\/www.liberedivivere.com\/wp-content\/uploads\/2021\/05\/tappe.jpg","datePublished":"2021-02-05T11:21:16+00:00","dateModified":"2023-07-25T14:43:18+00:00","breadcrumb":{"@id":"https:\/\/www.liberedivivere.com\/fr\/etapes\/#breadcrumb"},"inLanguage":"fr-FR","potentialAction":[{"@type":"ReadAction","target":["https:\/\/www.liberedivivere.com\/fr\/etapes\/"]}]},{"@type":"ImageObject","inLanguage":"fr-FR","@id":"https:\/\/www.liberedivivere.com\/fr\/etapes\/#primaryimage","url":"https:\/\/www.liberedivivere.com\/wp-content\/uploads\/2021\/05\/tappe.jpg","contentUrl":"https:\/\/www.liberedivivere.com\/wp-content\/uploads\/2021\/05\/tappe.jpg","width":1000,"height":270},{"@type":"BreadcrumbList","@id":"https:\/\/www.liberedivivere.com\/fr\/etapes\/#breadcrumb","itemListElement":[{"@type":"ListItem","position":1,"name":"Home","item":"https:\/\/www.liberedivivere.com\/fr\/"},{"@type":"ListItem","position":2,"name":"\u00c9tapes"}]},{"@type":"WebSite","@id":"https:\/\/www.liberedivivere.com\/#website","url":"https:\/\/www.liberedivivere.com\/","name":"Libere di\u2026VIVERE","description":"Just another WordPress site","publisher":{"@id":"https:\/\/www.liberedivivere.com\/#organization"},"potentialAction":[{"@type":"SearchAction","target":{"@type":"EntryPoint","urlTemplate":"https:\/\/www.liberedivivere.com\/?s={search_term_string}"},"query-input":{"@type":"PropertyValueSpecification","valueRequired":true,"valueName":"search_term_string"}}],"inLanguage":"fr-FR"},{"@type":"Organization","@id":"https:\/\/www.liberedivivere.com\/#organization","name":"Global Thinking Foundation","url":"https:\/\/www.liberedivivere.com\/","logo":{"@type":"ImageObject","inLanguage":"fr-FR","@id":"https:\/\/www.liberedivivere.com\/#\/schema\/logo\/image\/","url":"https:\/\/www.liberedivivere.com\/wp-content\/uploads\/2020\/07\/logo_slider.png","contentUrl":"https:\/\/www.liberedivivere.com\/wp-content\/uploads\/2020\/07\/logo_slider.png","width":605,"height":561,"caption":"Global Thinking Foundation"},"image":{"@id":"https:\/\/www.liberedivivere.com\/#\/schema\/logo\/image\/"},"sameAs":["https:\/\/www.facebook.com\/GlobalThinkingFoundation\/","https:\/\/www.instagram.com\/globalthinkingfoundation\/","https:\/\/www.youtube.com\/channel\/UCDNBF4vXJH618xaFlqdyYhw"]}]}},"_links":{"self":[{"href":"https:\/\/www.liberedivivere.com\/fr\/wp-json\/wp\/v2\/pages\/18032"}],"collection":[{"href":"https:\/\/www.liberedivivere.com\/fr\/wp-json\/wp\/v2\/pages"}],"about":[{"href":"https:\/\/www.liberedivivere.com\/fr\/wp-json\/wp\/v2\/types\/page"}],"author":[{"embeddable":true,"href":"https:\/\/www.liberedivivere.com\/fr\/wp-json\/wp\/v2\/users\/1"}],"replies":[{"embeddable":true,"href":"https:\/\/www.liberedivivere.com\/fr\/wp-json\/wp\/v2\/comments?post=18032"}],"version-history":[{"count":84,"href":"https:\/\/www.liberedivivere.com\/fr\/wp-json\/wp\/v2\/pages\/18032\/revisions"}],"predecessor-version":[{"id":24082,"href":"https:\/\/www.liberedivivere.com\/fr\/wp-json\/wp\/v2\/pages\/18032\/revisions\/24082"}],"wp:featuredmedia":[{"embeddable":true,"href":"https:\/\/www.liberedivivere.com\/fr\/wp-json\/wp\/v2\/media\/19070"}],"wp:attachment":[{"href":"https:\/\/www.liberedivivere.com\/fr\/wp-json\/wp\/v2\/media?parent=18032"}],"curies":[{"name":"wp","href":"https:\/\/api.w.org\/{rel}","templated":true}]}}