
		
		
		{"id":17992,"date":"2021-02-04T13:54:47","date_gmt":"2021-02-04T13:54:47","guid":{"rendered":"https:\/\/www.liberedivivere.com\/?page_id=17992"},"modified":"2024-01-15T10:24:33","modified_gmt":"2024-01-15T10:24:33","slug":"contact","status":"publish","type":"page","link":"https:\/\/www.liberedivivere.com\/fr\/contact\/","title":{"rendered":"Contact"},"content":{"rendered":"<p><img loading=\"lazy\" decoding=\"async\" class=\"alignnone wp-image-24097\" src=\"https:\/\/www.liberedivivere.com\/wp-content\/uploads\/2023\/07\/IMG_8204-2-250x160.jpg\" alt=\"\" width=\"772\" height=\"494\" srcset=\"https:\/\/www.liberedivivere.com\/wp-content\/uploads\/2023\/07\/IMG_8204-2-250x160.jpg 250w, https:\/\/www.liberedivivere.com\/wp-content\/uploads\/2023\/07\/IMG_8204-2-700x448.jpg 700w, https:\/\/www.liberedivivere.com\/wp-content\/uploads\/2023\/07\/IMG_8204-2-768x491.jpg 768w, https:\/\/www.liberedivivere.com\/wp-content\/uploads\/2023\/07\/IMG_8204-2-120x77.jpg 120w, https:\/\/www.liberedivivere.com\/wp-content\/uploads\/2023\/07\/IMG_8204-2-500x320.jpg 500w, https:\/\/www.liberedivivere.com\/wp-content\/uploads\/2023\/07\/IMG_8204-2.jpg 1469w\" sizes=\"(max-width: 772px) 100vw, 772px\" \/><\/p>\n<h4><strong>GLOBAL THINKING FOUNDATION<\/strong><\/h4>\n<p>&nbsp;<\/p>\n<h5><strong>Si\u00e8ge juridique et op\u00e9rationnel<\/strong><\/h5>\n<p>Via Aosta, 21 \u2013 20155 Milano<\/p>\n<p><label><strong>T\u00e9l\u00e9phone<\/strong>: <\/label><a href=\"tel:+39 02 4954 0302\">+39 02 4954 0302<\/a><br \/>\n<label><strong>Email<\/strong>: <\/label><a href=\"mailto:segreteria@gltfoundation.com\">segreteria@gltfoundation.com<\/a><br \/>\n<label><strong>Pec<\/strong>: <\/label><a href=\"mailto:gltfoundation@pec.it\">gltfoundation@pec.it<\/a><\/p>\n<p><strong>P.Iva<\/strong>: 09578750961<\/p>\n<p><a href=\"https:\/\/www.gltfoundation.com\/contatti\/\" target=\"_blank\" rel=\"noopener\">Autres lieux.<\/a><\/p>\n<h5><strong>Cours gratuits pour Femmes au carr\u00e9 et branches pour Femmes au carr\u00e9<\/strong><\/h5>\n<p><label><label><strong>T\u00e9l\u00e9phone<\/strong>: <\/label><a href=\"tel:+39 02 4954 0306\">+39 02 4954 0306<\/a><br \/>\n<\/label><label><strong>Email<\/strong>: <\/label><a href=\"mailto:donnealquadrato@gltfoundation.com\">donnealquadrato@gltfoundation.com<\/a><\/p>\n<p>&nbsp;<\/p>\n<h5><strong>Eventi<\/strong><\/h5>\n<p><label><strong><label>T\u00e9l\u00e9phone<\/label><\/strong>: <a href=\"tel:+39 02 4954 0302\">+39 02 4954 0302<\/a><\/label><br \/>\n<label><strong>Email<\/strong>: <\/label><a href=\"mailto:eventi@gltfoundation.com\">eventi@gltfoundation.com<\/a><\/p>\n","protected":false},"excerpt":{"rendered":"GLOBAL THINKING FOUNDATION &nbsp; Si\u00e8ge juridique et op\u00e9rationnel Via Aosta, 21 \u2013 20155 Milano T\u00e9l\u00e9phone: +39 02 4954 0302 Email: segreteria@gltfoundation.com Pec: gltfoundation@pec.it P.Iva: 09578750961 Autres lieux. Cours gratuits pour Femmes au carr\u00e9 et branches pour Femmes au carr\u00e9 T\u00e9l\u00e9phone: +39 02 4954 0306 Email: donnealquadrato@gltfoundation.com &nbsp; Eventi T\u00e9l\u00e9phone: +39 02 4954 0302 Email: eventi@gltfoundation.com","protected":false},"author":1,"featured_media":0,"parent":0,"menu_order":0,"comment_status":"closed","ping_status":"closed","template":"","meta":{"_acf_changed":false,"footnotes":""},"class_list":["post-17992","page","type-page","status-publish","hentry"],"acf":[],"yoast_head":"<!-- This site is optimized with the Yoast SEO plugin v23.5 - https:\/\/yoast.com\/wordpress\/plugins\/seo\/ -->\n<title>Contact - Libere di vivere<\/title>\n<meta name=\"robots\" content=\"index, follow, max-snippet:-1, max-image-preview:large, max-video-preview:-1\" \/>\n<link rel=\"canonical\" href=\"https:\/\/www.liberedivivere.com\/fr\/contact\/\" \/>\n<meta property=\"og:locale\" content=\"fr_FR\" \/>\n<meta property=\"og:type\" content=\"article\" \/>\n<meta property=\"og:title\" content=\"Contact - Libere di vivere\" \/>\n<meta property=\"og:description\" content=\"GLOBAL THINKING FOUNDATION &nbsp; Si\u00e8ge juridique et op\u00e9rationnel Via Aosta, 21 \u2013 20155 Milano T\u00e9l\u00e9phone: +39 02 4954 0302 Email: segreteria@gltfoundation.com Pec: gltfoundation@pec.it P.Iva: 09578750961 Autres lieux. Cours gratuits pour Femmes au carr\u00e9 et branches pour Femmes au carr\u00e9 T\u00e9l\u00e9phone: +39 02 4954 0306 Email: donnealquadrato@gltfoundation.com &nbsp; Eventi T\u00e9l\u00e9phone: +39 02 4954 0302 Email: eventi@gltfoundation.com\" \/>\n<meta property=\"og:url\" content=\"https:\/\/www.liberedivivere.com\/fr\/contact\/\" \/>\n<meta property=\"og:site_name\" content=\"Libere di vivere\" \/>\n<meta property=\"article:publisher\" content=\"https:\/\/www.facebook.com\/GlobalThinkingFoundation\/\" \/>\n<meta property=\"article:modified_time\" content=\"2024-01-15T10:24:33+00:00\" \/>\n<meta property=\"og:image\" content=\"https:\/\/www.liberedivivere.com\/wp-content\/uploads\/2023\/07\/IMG_8204-2-250x160.jpg\" \/>\n<meta name=\"twitter:card\" content=\"summary_large_image\" \/>\n<meta name=\"twitter:label1\" content=\"Est. reading time\" \/>\n\t<meta name=\"twitter:data1\" content=\"1 minute\" \/>\n<script type=\"application\/ld+json\" class=\"yoast-schema-graph\">{\"@context\":\"https:\/\/schema.org\",\"@graph\":[{\"@type\":\"WebPage\",\"@id\":\"https:\/\/www.liberedivivere.com\/fr\/contact\/\",\"url\":\"https:\/\/www.liberedivivere.com\/fr\/contact\/\",\"name\":\"Contact - Libere di vivere\",\"isPartOf\":{\"@id\":\"https:\/\/www.liberedivivere.com\/#website\"},\"primaryImageOfPage\":{\"@id\":\"https:\/\/www.liberedivivere.com\/fr\/contact\/#primaryimage\"},\"image\":{\"@id\":\"https:\/\/www.liberedivivere.com\/fr\/contact\/#primaryimage\"},\"thumbnailUrl\":\"https:\/\/www.liberedivivere.com\/wp-content\/uploads\/2023\/07\/IMG_8204-2-250x160.jpg\",\"datePublished\":\"2021-02-04T13:54:47+00:00\",\"dateModified\":\"2024-01-15T10:24:33+00:00\",\"breadcrumb\":{\"@id\":\"https:\/\/www.liberedivivere.com\/fr\/contact\/#breadcrumb\"},\"inLanguage\":\"fr-FR\",\"potentialAction\":[{\"@type\":\"ReadAction\",\"target\":[\"https:\/\/www.liberedivivere.com\/fr\/contact\/\"]}]},{\"@type\":\"ImageObject\",\"inLanguage\":\"fr-FR\",\"@id\":\"https:\/\/www.liberedivivere.com\/fr\/contact\/#primaryimage\",\"url\":\"https:\/\/www.liberedivivere.com\/wp-content\/uploads\/2023\/07\/IMG_8204-2-250x160.jpg\",\"contentUrl\":\"https:\/\/www.liberedivivere.com\/wp-content\/uploads\/2023\/07\/IMG_8204-2-250x160.jpg\"},{\"@type\":\"BreadcrumbList\",\"@id\":\"https:\/\/www.liberedivivere.com\/fr\/contact\/#breadcrumb\",\"itemListElement\":[{\"@type\":\"ListItem\",\"position\":1,\"name\":\"Home\",\"item\":\"https:\/\/www.liberedivivere.com\/fr\/\"},{\"@type\":\"ListItem\",\"position\":2,\"name\":\"Contact\"}]},{\"@type\":\"WebSite\",\"@id\":\"https:\/\/www.liberedivivere.com\/#website\",\"url\":\"https:\/\/www.liberedivivere.com\/\",\"name\":\"Libere di\u2026VIVERE\",\"description\":\"Just another WordPress site\",\"publisher\":{\"@id\":\"https:\/\/www.liberedivivere.com\/#organization\"},\"potentialAction\":[{\"@type\":\"SearchAction\",\"target\":{\"@type\":\"EntryPoint\",\"urlTemplate\":\"https:\/\/www.liberedivivere.com\/?s={search_term_string}\"},\"query-input\":{\"@type\":\"PropertyValueSpecification\",\"valueRequired\":true,\"valueName\":\"search_term_string\"}}],\"inLanguage\":\"fr-FR\"},{\"@type\":\"Organization\",\"@id\":\"https:\/\/www.liberedivivere.com\/#organization\",\"name\":\"Global Thinking Foundation\",\"url\":\"https:\/\/www.liberedivivere.com\/\",\"logo\":{\"@type\":\"ImageObject\",\"inLanguage\":\"fr-FR\",\"@id\":\"https:\/\/www.liberedivivere.com\/#\/schema\/logo\/image\/\",\"url\":\"https:\/\/www.liberedivivere.com\/wp-content\/uploads\/2020\/07\/logo_slider.png\",\"contentUrl\":\"https:\/\/www.liberedivivere.com\/wp-content\/uploads\/2020\/07\/logo_slider.png\",\"width\":605,\"height\":561,\"caption\":\"Global Thinking Foundation\"},\"image\":{\"@id\":\"https:\/\/www.liberedivivere.com\/#\/schema\/logo\/image\/\"},\"sameAs\":[\"https:\/\/www.facebook.com\/GlobalThinkingFoundation\/\",\"https:\/\/www.instagram.com\/globalthinkingfoundation\/\",\"https:\/\/www.youtube.com\/channel\/UCDNBF4vXJH618xaFlqdyYhw\"]}]}<\/script>\n<!-- \/ Yoast SEO plugin. -->","yoast_head_json":{"title":"Contact - Libere di vivere","robots":{"index":"index","follow":"follow","max-snippet":"max-snippet:-1","max-image-preview":"max-image-preview:large","max-video-preview":"max-video-preview:-1"},"canonical":"https:\/\/www.liberedivivere.com\/fr\/contact\/","og_locale":"fr_FR","og_type":"article","og_title":"Contact - Libere di vivere","og_description":"GLOBAL THINKING FOUNDATION &nbsp; Si\u00e8ge juridique et op\u00e9rationnel Via Aosta, 21 \u2013 20155 Milano T\u00e9l\u00e9phone: +39 02 4954 0302 Email: segreteria@gltfoundation.com Pec: gltfoundation@pec.it P.Iva: 09578750961 Autres lieux. Cours gratuits pour Femmes au carr\u00e9 et branches pour Femmes au carr\u00e9 T\u00e9l\u00e9phone: +39 02 4954 0306 Email: donnealquadrato@gltfoundation.com &nbsp; Eventi T\u00e9l\u00e9phone: +39 02 4954 0302 Email: eventi@gltfoundation.com","og_url":"https:\/\/www.liberedivivere.com\/fr\/contact\/","og_site_name":"Libere di vivere","article_publisher":"https:\/\/www.facebook.com\/GlobalThinkingFoundation\/","article_modified_time":"2024-01-15T10:24:33+00:00","og_image":[{"url":"https:\/\/www.liberedivivere.com\/wp-content\/uploads\/2023\/07\/IMG_8204-2-250x160.jpg"}],"twitter_card":"summary_large_image","twitter_misc":{"Est. reading time":"1 minute"},"schema":{"@context":"https:\/\/schema.org","@graph":[{"@type":"WebPage","@id":"https:\/\/www.liberedivivere.com\/fr\/contact\/","url":"https:\/\/www.liberedivivere.com\/fr\/contact\/","name":"Contact - Libere di vivere","isPartOf":{"@id":"https:\/\/www.liberedivivere.com\/#website"},"primaryImageOfPage":{"@id":"https:\/\/www.liberedivivere.com\/fr\/contact\/#primaryimage"},"image":{"@id":"https:\/\/www.liberedivivere.com\/fr\/contact\/#primaryimage"},"thumbnailUrl":"https:\/\/www.liberedivivere.com\/wp-content\/uploads\/2023\/07\/IMG_8204-2-250x160.jpg","datePublished":"2021-02-04T13:54:47+00:00","dateModified":"2024-01-15T10:24:33+00:00","breadcrumb":{"@id":"https:\/\/www.liberedivivere.com\/fr\/contact\/#breadcrumb"},"inLanguage":"fr-FR","potentialAction":[{"@type":"ReadAction","target":["https:\/\/www.liberedivivere.com\/fr\/contact\/"]}]},{"@type":"ImageObject","inLanguage":"fr-FR","@id":"https:\/\/www.liberedivivere.com\/fr\/contact\/#primaryimage","url":"https:\/\/www.liberedivivere.com\/wp-content\/uploads\/2023\/07\/IMG_8204-2-250x160.jpg","contentUrl":"https:\/\/www.liberedivivere.com\/wp-content\/uploads\/2023\/07\/IMG_8204-2-250x160.jpg"},{"@type":"BreadcrumbList","@id":"https:\/\/www.liberedivivere.com\/fr\/contact\/#breadcrumb","itemListElement":[{"@type":"ListItem","position":1,"name":"Home","item":"https:\/\/www.liberedivivere.com\/fr\/"},{"@type":"ListItem","position":2,"name":"Contact"}]},{"@type":"WebSite","@id":"https:\/\/www.liberedivivere.com\/#website","url":"https:\/\/www.liberedivivere.com\/","name":"Libere di\u2026VIVERE","description":"Just another WordPress site","publisher":{"@id":"https:\/\/www.liberedivivere.com\/#organization"},"potentialAction":[{"@type":"SearchAction","target":{"@type":"EntryPoint","urlTemplate":"https:\/\/www.liberedivivere.com\/?s={search_term_string}"},"query-input":{"@type":"PropertyValueSpecification","valueRequired":true,"valueName":"search_term_string"}}],"inLanguage":"fr-FR"},{"@type":"Organization","@id":"https:\/\/www.liberedivivere.com\/#organization","name":"Global Thinking Foundation","url":"https:\/\/www.liberedivivere.com\/","logo":{"@type":"ImageObject","inLanguage":"fr-FR","@id":"https:\/\/www.liberedivivere.com\/#\/schema\/logo\/image\/","url":"https:\/\/www.liberedivivere.com\/wp-content\/uploads\/2020\/07\/logo_slider.png","contentUrl":"https:\/\/www.liberedivivere.com\/wp-content\/uploads\/2020\/07\/logo_slider.png","width":605,"height":561,"caption":"Global Thinking Foundation"},"image":{"@id":"https:\/\/www.liberedivivere.com\/#\/schema\/logo\/image\/"},"sameAs":["https:\/\/www.facebook.com\/GlobalThinkingFoundation\/","https:\/\/www.instagram.com\/globalthinkingfoundation\/","https:\/\/www.youtube.com\/channel\/UCDNBF4vXJH618xaFlqdyYhw"]}]}},"_links":{"self":[{"href":"https:\/\/www.liberedivivere.com\/fr\/wp-json\/wp\/v2\/pages\/17992"}],"collection":[{"href":"https:\/\/www.liberedivivere.com\/fr\/wp-json\/wp\/v2\/pages"}],"about":[{"href":"https:\/\/www.liberedivivere.com\/fr\/wp-json\/wp\/v2\/types\/page"}],"author":[{"embeddable":true,"href":"https:\/\/www.liberedivivere.com\/fr\/wp-json\/wp\/v2\/users\/1"}],"replies":[{"embeddable":true,"href":"https:\/\/www.liberedivivere.com\/fr\/wp-json\/wp\/v2\/comments?post=17992"}],"version-history":[{"count":9,"href":"https:\/\/www.liberedivivere.com\/fr\/wp-json\/wp\/v2\/pages\/17992\/revisions"}],"predecessor-version":[{"id":24808,"href":"https:\/\/www.liberedivivere.com\/fr\/wp-json\/wp\/v2\/pages\/17992\/revisions\/24808"}],"wp:attachment":[{"href":"https:\/\/www.liberedivivere.com\/fr\/wp-json\/wp\/v2\/media?parent=17992"}],"curies":[{"name":"wp","href":"https:\/\/api.w.org\/{rel}","templated":true}]}}