
		
		
		{"id":17952,"date":"2021-02-03T16:57:33","date_gmt":"2021-02-03T16:57:33","guid":{"rendered":"https:\/\/www.liberedivivere.com\/?page_id=17952"},"modified":"2024-01-10T13:36:08","modified_gmt":"2024-01-10T13:36:08","slug":"partner","status":"publish","type":"page","link":"https:\/\/www.liberedivivere.com\/fr\/partner\/","title":{"rendered":"Partner"},"content":{"rendered":"<p>&nbsp;<\/p>\n<p><img loading=\"lazy\" decoding=\"async\" width=\"250\" height=\"92\" class=\"size-medium wp-image-17954 alignleft\" src=\"https:\/\/www.liberedivivere.com\/wp-content\/uploads\/2020\/07\/GLTF_LOGO_WEB-STANDARD_RGB-250x92.png\" alt=\"\" srcset=\"https:\/\/www.liberedivivere.com\/wp-content\/uploads\/2020\/07\/GLTF_LOGO_WEB-STANDARD_RGB-250x92.png 250w, https:\/\/www.liberedivivere.com\/wp-content\/uploads\/2020\/07\/GLTF_LOGO_WEB-STANDARD_RGB-120x44.png 120w, https:\/\/www.liberedivivere.com\/wp-content\/uploads\/2020\/07\/GLTF_LOGO_WEB-STANDARD_RGB-500x183.png 500w, https:\/\/www.liberedivivere.com\/wp-content\/uploads\/2020\/07\/GLTF_LOGO_WEB-STANDARD_RGB.png 600w\" sizes=\"(max-width: 250px) 100vw, 250px\" \/><\/p>\n<p><strong>Global Thinking Foundation<\/strong> est une fondation internationale \u00e0 but non lucratif fond\u00e9e en 2016 \u00e0 l\u2019initiative de Claudia Segre, pour soutenir, parrainer et organiser des initiatives et des projets de citoyennet\u00e9 et de durabilit\u00e9 \u00e9conomique, et l\u2019\u00e9ducation financi\u00e8re pour les adultes, en particulier les femmes et les groupes vuln\u00e9rables, sur la base d\u2019une approche fond\u00e9e sur la valeur.<br \/>\nConform\u00e9ment aux objectifs du programme Agenda 2030 pour le d\u00e9veloppement durable \u00e9labor\u00e9 en 2015 par le UNHCR, il a promu au fil des ans de multiples initiatives de formation et d\u2019information, visant \u00e0 l\u2019\u00e9mancipation \u00e9conomique des femmes, \u00e0 la durabilit\u00e9 \u00e9conomique des familles, \u00e0 la promotion d\u2019une culture conscient de l\u2019\u00e9pargne, afin de pr\u00e9venir la violence et les abus \u00e9conomiques, et de soutenir un r\u00f4le proactif des sujets faibles dans la soci\u00e9t\u00e9 et le d\u00e9veloppement du pays.<br \/>\nParmi ces initiatives, les projets \u2018<a href=\"https:\/\/www.gltfoundation.com\/imprese-e-cittadinanza\/focus-sud\/\">Focus Sud 2019-2020<\/a>\u2019 et \u2018<a href=\"https:\/\/www.donnealquadrato.it\">Femmes au Carr\u00e9<\/a>\u2019 \u2013 dans le cadre desquels s\u2019ins\u00e8rent la pr\u00e9sente publication, l\u2019exposition itin\u00e9rante Libre de\u2026VIVRE et la s\u00e9rie de romans graphiques \u2013 organisent des activit\u00e9s didactiques et de mentorat dans le cadre desquelles une task force de volontaires met \u00e0 la disposition du public f\u00e9minin son exp\u00e9rience et son expertise, et un soutien pratique dans les cas av\u00e9r\u00e9s d\u2019abus \u00e9conomiques.<\/p>\n<p><a class=\"btn black small\" href=\"https:\/\/www.gltfoundation.com\/fr\/\">Voir le site &gt; <\/a><\/p>\n<p>&nbsp;<\/p>\n<p>&nbsp;<\/p>\n<p><strong><img loading=\"lazy\" decoding=\"async\" width=\"250\" height=\"254\" class=\"size-medium wp-image-17953 alignleft\" src=\"https:\/\/www.liberedivivere.com\/wp-content\/uploads\/2020\/07\/LogoAnonimaFumetti-250x254.png\" alt=\"\" srcset=\"https:\/\/www.liberedivivere.com\/wp-content\/uploads\/2020\/07\/LogoAnonimaFumetti-250x254.png 250w, https:\/\/www.liberedivivere.com\/wp-content\/uploads\/2020\/07\/LogoAnonimaFumetti-700x711.png 700w, https:\/\/www.liberedivivere.com\/wp-content\/uploads\/2020\/07\/LogoAnonimaFumetti-768x780.png 768w, https:\/\/www.liberedivivere.com\/wp-content\/uploads\/2020\/07\/LogoAnonimaFumetti-120x122.png 120w, https:\/\/www.liberedivivere.com\/wp-content\/uploads\/2020\/07\/LogoAnonimaFumetti-500x508.png 500w, https:\/\/www.liberedivivere.com\/wp-content\/uploads\/2020\/07\/LogoAnonimaFumetti.png 1494w\" sizes=\"(max-width: 250px) 100vw, 250px\" \/>&lt;\/strongDepuis 1994, l\u2019association \u00e0 but non lucratif <strong>Anonima Fumetti<\/strong> s\u2019occupe de la promotion du langage de la bande dessin\u00e9e comme expression artistique et instrument culturel. Le but, sur le plan artistique, est l\u2019am\u00e9lioration constante de la qualit\u00e9 exprim\u00e9e, en accord avec l\u2019\u00e9volution constante des m\u00e9dias et des disciplines artistiques contemporaines; sur le plan social, promouvoir l\u2019image de la cat\u00e9gorie, l\u2019\u00e9change r\u00e9ciproque, la repr\u00e9sentation syndicale et l\u2019insertion professionnelle.<br \/>\nTout au long de son histoire, Anonima Fumetti a contribu\u00e9 \u00e0 la naissance de la Fondation Franco Fossati, du SILF \u2013 Syndicat Italien des Travailleurs de la Bande Dessin\u00e9e \u2013 et de la F\u00e9d\u00e9ration International Cartoon Art Coalition. Il a collabor\u00e9 activement \u00e0 la publication d\u2019\u0153uvres essentielles sur la bande dessin\u00e9e comme les \u0153uvres de Scott Mccloud, Will Eisner, Benoit Peeters.<br \/>\nCes derni\u00e8res ann\u00e9es, l\u2019Association a organis\u00e9 d\u2019innombrables expositions en Italie et \u00e0 l\u2019\u00e9tranger, ainsi que des conf\u00e9rences et des conf\u00e9rences avec les plus grands auteurs au monde. En outre il travail activement pour stimuler la reprise du march\u00e9 du bande dessin\u00e9e italien, m\u00eame \u00e0 travers la relance de la litt\u00e9rature dessin\u00e9e pour enfants.<\/strong><\/p>\n<p><a class=\"btn black small\" href=\"http:\/\/www.anonimafumetti.org\/wordpress\/\">Voir le site &gt; <\/a><\/p>\n","protected":false},"excerpt":{"rendered":"&nbsp; Global Thinking Foundation est une fondation internationale \u00e0 but non lucratif fond\u00e9e en 2016 \u00e0 l\u2019initiative de Claudia Segre, pour soutenir, parrainer et organiser des initiatives et des projets de citoyennet\u00e9 et de durabilit\u00e9 \u00e9conomique, et l\u2019\u00e9ducation financi\u00e8re pour les adultes, en particulier les femmes et les groupes vuln\u00e9rables, sur la base d\u2019une approche&#8230; <a class=\"view-article\" href=\"https:\/\/www.liberedivivere.com\/fr\/partner\/\">Voir l&#8217;article<\/a>","protected":false},"author":1,"featured_media":0,"parent":0,"menu_order":0,"comment_status":"closed","ping_status":"closed","template":"","meta":{"_acf_changed":false,"footnotes":""},"class_list":["post-17952","page","type-page","status-publish","hentry"],"acf":[],"yoast_head":"<!-- This site is optimized with the Yoast SEO plugin v23.5 - https:\/\/yoast.com\/wordpress\/plugins\/seo\/ -->\n<title>Partner - Libere di vivere<\/title>\n<meta name=\"robots\" content=\"index, follow, max-snippet:-1, max-image-preview:large, max-video-preview:-1\" \/>\n<link rel=\"canonical\" href=\"https:\/\/www.liberedivivere.com\/fr\/partner\/\" \/>\n<meta property=\"og:locale\" content=\"fr_FR\" \/>\n<meta property=\"og:type\" content=\"article\" \/>\n<meta property=\"og:title\" content=\"Partner - Libere di vivere\" \/>\n<meta property=\"og:description\" content=\"&nbsp; Global Thinking Foundation est une fondation internationale \u00e0 but non lucratif fond\u00e9e en 2016 \u00e0 l\u2019initiative de Claudia Segre, pour soutenir, parrainer et organiser des initiatives et des projets de citoyennet\u00e9 et de durabilit\u00e9 \u00e9conomique, et l\u2019\u00e9ducation financi\u00e8re pour les adultes, en particulier les femmes et les groupes vuln\u00e9rables, sur la base d\u2019une approche... Voir l&#039;article\" \/>\n<meta property=\"og:url\" content=\"https:\/\/www.liberedivivere.com\/fr\/partner\/\" \/>\n<meta property=\"og:site_name\" content=\"Libere di vivere\" \/>\n<meta property=\"article:publisher\" content=\"https:\/\/www.facebook.com\/GlobalThinkingFoundation\/\" \/>\n<meta property=\"article:modified_time\" content=\"2024-01-10T13:36:08+00:00\" \/>\n<meta property=\"og:image\" content=\"https:\/\/www.liberedivivere.com\/wp-content\/uploads\/2020\/07\/GLTF_LOGO_WEB-STANDARD_RGB-250x92.png\" \/>\n<meta name=\"twitter:card\" content=\"summary_large_image\" \/>\n<meta name=\"twitter:label1\" content=\"Est. reading time\" \/>\n\t<meta name=\"twitter:data1\" content=\"3 minutes\" \/>\n<script type=\"application\/ld+json\" class=\"yoast-schema-graph\">{\"@context\":\"https:\/\/schema.org\",\"@graph\":[{\"@type\":\"WebPage\",\"@id\":\"https:\/\/www.liberedivivere.com\/fr\/partner\/\",\"url\":\"https:\/\/www.liberedivivere.com\/fr\/partner\/\",\"name\":\"Partner - Libere di vivere\",\"isPartOf\":{\"@id\":\"https:\/\/www.liberedivivere.com\/#website\"},\"primaryImageOfPage\":{\"@id\":\"https:\/\/www.liberedivivere.com\/fr\/partner\/#primaryimage\"},\"image\":{\"@id\":\"https:\/\/www.liberedivivere.com\/fr\/partner\/#primaryimage\"},\"thumbnailUrl\":\"https:\/\/www.liberedivivere.com\/wp-content\/uploads\/2020\/07\/GLTF_LOGO_WEB-STANDARD_RGB-250x92.png\",\"datePublished\":\"2021-02-03T16:57:33+00:00\",\"dateModified\":\"2024-01-10T13:36:08+00:00\",\"breadcrumb\":{\"@id\":\"https:\/\/www.liberedivivere.com\/fr\/partner\/#breadcrumb\"},\"inLanguage\":\"fr-FR\",\"potentialAction\":[{\"@type\":\"ReadAction\",\"target\":[\"https:\/\/www.liberedivivere.com\/fr\/partner\/\"]}]},{\"@type\":\"ImageObject\",\"inLanguage\":\"fr-FR\",\"@id\":\"https:\/\/www.liberedivivere.com\/fr\/partner\/#primaryimage\",\"url\":\"https:\/\/www.liberedivivere.com\/wp-content\/uploads\/2020\/07\/GLTF_LOGO_WEB-STANDARD_RGB-250x92.png\",\"contentUrl\":\"https:\/\/www.liberedivivere.com\/wp-content\/uploads\/2020\/07\/GLTF_LOGO_WEB-STANDARD_RGB-250x92.png\"},{\"@type\":\"BreadcrumbList\",\"@id\":\"https:\/\/www.liberedivivere.com\/fr\/partner\/#breadcrumb\",\"itemListElement\":[{\"@type\":\"ListItem\",\"position\":1,\"name\":\"Home\",\"item\":\"https:\/\/www.liberedivivere.com\/fr\/\"},{\"@type\":\"ListItem\",\"position\":2,\"name\":\"Partner\"}]},{\"@type\":\"WebSite\",\"@id\":\"https:\/\/www.liberedivivere.com\/#website\",\"url\":\"https:\/\/www.liberedivivere.com\/\",\"name\":\"Libere di\u2026VIVERE\",\"description\":\"Just another WordPress site\",\"publisher\":{\"@id\":\"https:\/\/www.liberedivivere.com\/#organization\"},\"potentialAction\":[{\"@type\":\"SearchAction\",\"target\":{\"@type\":\"EntryPoint\",\"urlTemplate\":\"https:\/\/www.liberedivivere.com\/?s={search_term_string}\"},\"query-input\":{\"@type\":\"PropertyValueSpecification\",\"valueRequired\":true,\"valueName\":\"search_term_string\"}}],\"inLanguage\":\"fr-FR\"},{\"@type\":\"Organization\",\"@id\":\"https:\/\/www.liberedivivere.com\/#organization\",\"name\":\"Global Thinking Foundation\",\"url\":\"https:\/\/www.liberedivivere.com\/\",\"logo\":{\"@type\":\"ImageObject\",\"inLanguage\":\"fr-FR\",\"@id\":\"https:\/\/www.liberedivivere.com\/#\/schema\/logo\/image\/\",\"url\":\"https:\/\/www.liberedivivere.com\/wp-content\/uploads\/2020\/07\/logo_slider.png\",\"contentUrl\":\"https:\/\/www.liberedivivere.com\/wp-content\/uploads\/2020\/07\/logo_slider.png\",\"width\":605,\"height\":561,\"caption\":\"Global Thinking Foundation\"},\"image\":{\"@id\":\"https:\/\/www.liberedivivere.com\/#\/schema\/logo\/image\/\"},\"sameAs\":[\"https:\/\/www.facebook.com\/GlobalThinkingFoundation\/\",\"https:\/\/www.instagram.com\/globalthinkingfoundation\/\",\"https:\/\/www.youtube.com\/channel\/UCDNBF4vXJH618xaFlqdyYhw\"]}]}<\/script>\n<!-- \/ Yoast SEO plugin. -->","yoast_head_json":{"title":"Partner - Libere di vivere","robots":{"index":"index","follow":"follow","max-snippet":"max-snippet:-1","max-image-preview":"max-image-preview:large","max-video-preview":"max-video-preview:-1"},"canonical":"https:\/\/www.liberedivivere.com\/fr\/partner\/","og_locale":"fr_FR","og_type":"article","og_title":"Partner - Libere di vivere","og_description":"&nbsp; Global Thinking Foundation est une fondation internationale \u00e0 but non lucratif fond\u00e9e en 2016 \u00e0 l\u2019initiative de Claudia Segre, pour soutenir, parrainer et organiser des initiatives et des projets de citoyennet\u00e9 et de durabilit\u00e9 \u00e9conomique, et l\u2019\u00e9ducation financi\u00e8re pour les adultes, en particulier les femmes et les groupes vuln\u00e9rables, sur la base d\u2019une approche... Voir l'article","og_url":"https:\/\/www.liberedivivere.com\/fr\/partner\/","og_site_name":"Libere di vivere","article_publisher":"https:\/\/www.facebook.com\/GlobalThinkingFoundation\/","article_modified_time":"2024-01-10T13:36:08+00:00","og_image":[{"url":"https:\/\/www.liberedivivere.com\/wp-content\/uploads\/2020\/07\/GLTF_LOGO_WEB-STANDARD_RGB-250x92.png"}],"twitter_card":"summary_large_image","twitter_misc":{"Est. reading time":"3 minutes"},"schema":{"@context":"https:\/\/schema.org","@graph":[{"@type":"WebPage","@id":"https:\/\/www.liberedivivere.com\/fr\/partner\/","url":"https:\/\/www.liberedivivere.com\/fr\/partner\/","name":"Partner - Libere di vivere","isPartOf":{"@id":"https:\/\/www.liberedivivere.com\/#website"},"primaryImageOfPage":{"@id":"https:\/\/www.liberedivivere.com\/fr\/partner\/#primaryimage"},"image":{"@id":"https:\/\/www.liberedivivere.com\/fr\/partner\/#primaryimage"},"thumbnailUrl":"https:\/\/www.liberedivivere.com\/wp-content\/uploads\/2020\/07\/GLTF_LOGO_WEB-STANDARD_RGB-250x92.png","datePublished":"2021-02-03T16:57:33+00:00","dateModified":"2024-01-10T13:36:08+00:00","breadcrumb":{"@id":"https:\/\/www.liberedivivere.com\/fr\/partner\/#breadcrumb"},"inLanguage":"fr-FR","potentialAction":[{"@type":"ReadAction","target":["https:\/\/www.liberedivivere.com\/fr\/partner\/"]}]},{"@type":"ImageObject","inLanguage":"fr-FR","@id":"https:\/\/www.liberedivivere.com\/fr\/partner\/#primaryimage","url":"https:\/\/www.liberedivivere.com\/wp-content\/uploads\/2020\/07\/GLTF_LOGO_WEB-STANDARD_RGB-250x92.png","contentUrl":"https:\/\/www.liberedivivere.com\/wp-content\/uploads\/2020\/07\/GLTF_LOGO_WEB-STANDARD_RGB-250x92.png"},{"@type":"BreadcrumbList","@id":"https:\/\/www.liberedivivere.com\/fr\/partner\/#breadcrumb","itemListElement":[{"@type":"ListItem","position":1,"name":"Home","item":"https:\/\/www.liberedivivere.com\/fr\/"},{"@type":"ListItem","position":2,"name":"Partner"}]},{"@type":"WebSite","@id":"https:\/\/www.liberedivivere.com\/#website","url":"https:\/\/www.liberedivivere.com\/","name":"Libere di\u2026VIVERE","description":"Just another WordPress site","publisher":{"@id":"https:\/\/www.liberedivivere.com\/#organization"},"potentialAction":[{"@type":"SearchAction","target":{"@type":"EntryPoint","urlTemplate":"https:\/\/www.liberedivivere.com\/?s={search_term_string}"},"query-input":{"@type":"PropertyValueSpecification","valueRequired":true,"valueName":"search_term_string"}}],"inLanguage":"fr-FR"},{"@type":"Organization","@id":"https:\/\/www.liberedivivere.com\/#organization","name":"Global Thinking Foundation","url":"https:\/\/www.liberedivivere.com\/","logo":{"@type":"ImageObject","inLanguage":"fr-FR","@id":"https:\/\/www.liberedivivere.com\/#\/schema\/logo\/image\/","url":"https:\/\/www.liberedivivere.com\/wp-content\/uploads\/2020\/07\/logo_slider.png","contentUrl":"https:\/\/www.liberedivivere.com\/wp-content\/uploads\/2020\/07\/logo_slider.png","width":605,"height":561,"caption":"Global Thinking Foundation"},"image":{"@id":"https:\/\/www.liberedivivere.com\/#\/schema\/logo\/image\/"},"sameAs":["https:\/\/www.facebook.com\/GlobalThinkingFoundation\/","https:\/\/www.instagram.com\/globalthinkingfoundation\/","https:\/\/www.youtube.com\/channel\/UCDNBF4vXJH618xaFlqdyYhw"]}]}},"_links":{"self":[{"href":"https:\/\/www.liberedivivere.com\/fr\/wp-json\/wp\/v2\/pages\/17952"}],"collection":[{"href":"https:\/\/www.liberedivivere.com\/fr\/wp-json\/wp\/v2\/pages"}],"about":[{"href":"https:\/\/www.liberedivivere.com\/fr\/wp-json\/wp\/v2\/types\/page"}],"author":[{"embeddable":true,"href":"https:\/\/www.liberedivivere.com\/fr\/wp-json\/wp\/v2\/users\/1"}],"replies":[{"embeddable":true,"href":"https:\/\/www.liberedivivere.com\/fr\/wp-json\/wp\/v2\/comments?post=17952"}],"version-history":[{"count":2,"href":"https:\/\/www.liberedivivere.com\/fr\/wp-json\/wp\/v2\/pages\/17952\/revisions"}],"predecessor-version":[{"id":24706,"href":"https:\/\/www.liberedivivere.com\/fr\/wp-json\/wp\/v2\/pages\/17952\/revisions\/24706"}],"wp:attachment":[{"href":"https:\/\/www.liberedivivere.com\/fr\/wp-json\/wp\/v2\/media?parent=17952"}],"curies":[{"name":"wp","href":"https:\/\/api.w.org\/{rel}","templated":true}]}}