
		
		
		{"id":17949,"date":"2021-02-03T16:52:53","date_gmt":"2021-02-03T16:52:53","guid":{"rendered":"https:\/\/www.liberedivivere.com\/?page_id=17949"},"modified":"2025-02-12T10:37:46","modified_gmt":"2025-02-12T10:37:46","slug":"introduction-au-projet","status":"publish","type":"page","link":"https:\/\/www.liberedivivere.com\/fr\/introduction-au-projet\/","title":{"rendered":"Introduction au projet"},"content":{"rendered":"<p><img decoding=\"async\" class=\"ldv_left_img\" src=\"\/wp-content\/uploads\/2020\/07\/foto_Claudia_Segre-700x525.jpg\" alt=\"foto Claudia Segre\" \/><\/p>\n<p>Se sentir victime d\u2019une violence qui n\u2019a pas de nom. En \u00eatre victime et ne pas avoir de rep\u00e8res. Glisser inconsciemment dans une prison sans barreaux, d\u2019inaptitude et d\u2019ali\u00e9nation. C\u2019est la situation dramatique dans laquelle vivent de nombreuses femmes qui ont \u00e9t\u00e9 d\u00e9poss\u00e9d\u00e9es de leur statut socio-\u00e9conomique.<\/p>\n<p>Ce ph\u00e9nom\u00e8ne se produit par suj\u00e9tion \u00e9conomique lorsque dans le m\u00e9nage, m\u00eame \u00e0 travail \u00e9gal, le conjoint per\u00e7oit une grande partie du revenue familial et en dispose \u00e0 son gr\u00e9 ou encore par le partage des revenus du travail avec son conjoint, qui peut en b\u00e9n\u00e9ficier \u00e0 volont\u00e9 et souvent, de mani\u00e8re inconsid\u00e9r\u00e9e. \u00catre priv\u00e9e des fruits de son travail ou ne pas recevoir une reconnaissance ad\u00e9quate signifie perdre non seulement la libert\u00e9 mais aussi son identit\u00e9 sociale et individuelle dont chaque \u00eatre dispose par\u00a0 son activit\u00e9.<\/p>\n<p>Tr\u00e8s souvent, le ph\u00e9nom\u00e8ne se produit avec le consentement tacite de victimes, par amour, ins\u00e9curit\u00e9, manque d\u2019\u00e9ducation ou recherche de la qui\u00e9tude vivre. Avec l\u2019aval des institutions pour lesquelles ces proc\u00e9dures ne sont que dans tr\u00e8s peu de cas ill\u00e9gaux et dans le silence de la soci\u00e9t\u00e9, c&#8217;est ainsi que ce type de violence est souvent favoris\u00e9 par des coutumes et des traditions et des m\u00e9dias qui tendent \u00e0 donner plus de relief \u00e0 d\u2019autres types de conflits domestiques.<\/p>\n<p>Pour favoriser la sensibilisation sur cette probl\u00e9matique, <strong>Global Thinking Foundation<\/strong>, parmi les initiatives du projet Focus Sud 2019-2025 a donn\u00e9 vie, en collaboration avec Anonima Fumetti, \u00e0 la r\u00e9alisation d\u2019une s\u00e9rie de romans graphiques et \u00e0 l\u2019organisation d\u2019une exposition itin\u00e9rante, \u00ab Libres de\u2026VIVRES \u00bb dans lequel la revue des \u0153uvres et la pr\u00e9sentation des romans graphiques, se combinent \u00e0 d&#8217; \u00e9v\u00e9nements visant \u00e0 informer les visiteurs et \u00e0 \u00e9largir le d\u00e9bat sur les droits des femmes et la lutte contre la violence.<\/p>\n<p>Nous avons choisi la bande dessin\u00e9e et l\u2019art visuel pour sensibiliser l\u2019opinion publique \u00e0 un sujet aussi difficile et nuanc\u00e9 en tant que langues particuli\u00e8rement accessibles, imm\u00e9diates, efficaces, et partag\u00e9es dans tous les domaines sociaux. En outre, la bande dessin\u00e9e destin\u00e9e \u00e0 un public jeune est en mesure de favoriser un plus large dialogue interg\u00e9n\u00e9rationnel au sein des familles. Les ph\u00e9nom\u00e8nes de discrimination et de subordination f\u00e9minins sont tr\u00e8s r\u00e9pandus, m\u00eame dans des contextes de haute scolarisation. Par cons\u00e9quent, ils sont encore profond\u00e9ment enracin\u00e9s dans le tissu social et \u00e9conomique.<\/p>\n<p style=\"text-align: right;\"><em>Claudia Segre<\/em><br \/>\n<em>Pr\u00e9sident Global Thinking Foundation<\/em><\/p>\n<p>&nbsp;<\/p>\n<p><strong>Parcourir le catalogue de l\u2019exposition<\/strong><br \/>\n<div class=\"_df_thumb \" id=\"df_24317\"  _slug=\"catalogo-fr-2023\" data-title=\"catalogo-fr-2023\" wpoptions=\"true\" thumb=\"https:\/\/www.liberedivivere.com\/wp-content\/uploads\/2023\/10\/Copertina-catalogo-2023-FR.png\" thumbtype=\"\" >Catalogo &#8211; FR 2023<\/div><script class=\"df-shortcode-script\" type=\"application\/javascript\">window.option_df_24317 = {\"outline\":[],\"autoEnableOutline\":\"false\",\"autoEnableThumbnail\":\"false\",\"overwritePDFOutline\":\"false\",\"enableDownload\":\"false\",\"direction\":\"1\",\"pageSize\":\"0\",\"source\":\"https:\\\/\\\/www.liberedivivere.com\\\/wp-content\\\/uploads\\\/2023\\\/10\\\/GLT_Catalogo-mostra_FR_2023-fr.pdf\",\"wpOptions\":\"true\"}; if(window.DFLIP && window.DFLIP.parseBooks){window.DFLIP.parseBooks();}<\/script><\/p>\n<p>&nbsp;<\/p>\n<p><strong>Parcourir le catalogue de l\u2019exposition (IT)<\/strong><br \/>\n<div class=\"_df_thumb \" id=\"df_19093\"  _slug=\"cultural-project-for-social-inclusion\" data-title=\"catalogo-it-2023\" wpoptions=\"true\" thumb=\"https:\/\/www.liberedivivere.com\/wp-content\/uploads\/2021\/05\/WhatsApp-Image-2023-10-10-at-16.47.14.jpeg\" thumbtype=\"\" >Catalogo &#8211; IT 2023<\/div><script class=\"df-shortcode-script\" type=\"application\/javascript\">window.option_df_19093 = {\"outline\":[],\"autoEnableOutline\":\"false\",\"autoEnableThumbnail\":\"false\",\"overwritePDFOutline\":\"false\",\"enableDownload\":\"false\",\"direction\":\"1\",\"pageSize\":\"0\",\"source\":\"https:\\\/\\\/www.liberedivivere.com\\\/wp-content\\\/uploads\\\/2021\\\/05\\\/CATALOGO-ITA-FRA-2022-PER-SITO.pdf\",\"wpOptions\":\"true\"}; if(window.DFLIP && window.DFLIP.parseBooks){window.DFLIP.parseBooks();}<\/script><\/p>\n<p><strong>Parcourir le catalogue de l\u2019exposition (EN)<\/strong><br \/>\n<div class=\"_df_thumb \" id=\"df_24305\"  _slug=\"catalogo-en-2023\" data-title=\"catalogo-en-2023\" wpoptions=\"true\" thumb=\"https:\/\/www.liberedivivere.com\/wp-content\/uploads\/2023\/10\/Copertina-catalogo-2023-EN.png\" thumbtype=\"\" >Catalogo &#8211; EN 2023<\/div><script class=\"df-shortcode-script\" type=\"application\/javascript\">window.option_df_24305 = {\"outline\":[],\"autoEnableOutline\":\"false\",\"autoEnableThumbnail\":\"false\",\"overwritePDFOutline\":\"false\",\"enableDownload\":\"false\",\"direction\":\"1\",\"pageSize\":\"0\",\"source\":\"https:\\\/\\\/www.liberedivivere.com\\\/wp-content\\\/uploads\\\/2023\\\/10\\\/GLT_catalogo-mostra_EN_2023_v5_bassa-en.pdf\",\"wpOptions\":\"true\"}; if(window.DFLIP && window.DFLIP.parseBooks){window.DFLIP.parseBooks();}<\/script><\/p>\n<div id=\"dflip_post_meta_box_shortcode\" class=\"postbox \">\n<div class=\"inside\">\n<div class=\"dflip-tabs normal-tabs\">\n<div><strong>Parcourir le catalogue de l\u2019exposition (NL)<\/strong><\/div>\n<\/div>\n<\/div>\n<div><div class=\"_df_thumb \" id=\"df_24326\"  _slug=\"catalogo-nl-2023\" data-title=\"catalogo-nl-2023\" wpoptions=\"true\" thumb=\"https:\/\/www.liberedivivere.com\/wp-content\/uploads\/2023\/10\/Copertina-catalogo-2023-NL.png\" thumbtype=\"\" >Catalogo &#8211; NL 2023<\/div><script class=\"df-shortcode-script\" type=\"application\/javascript\">window.option_df_24326 = {\"outline\":[],\"autoEnableOutline\":\"false\",\"autoEnableThumbnail\":\"false\",\"overwritePDFOutline\":\"false\",\"enableDownload\":\"false\",\"direction\":\"1\",\"pageSize\":\"0\",\"source\":\"https:\\\/\\\/www.liberedivivere.com\\\/wp-content\\\/uploads\\\/2023\\\/10\\\/GLT_Catalogo-mostra_NL_2023-nl.pdf\",\"wpOptions\":\"true\"}; if(window.DFLIP && window.DFLIP.parseBooks){window.DFLIP.parseBooks();}<\/script><\/div>\n<\/div>\n<div><\/div>\n<div><\/div>\n","protected":false},"excerpt":{"rendered":"Se sentir victime d\u2019une violence qui n\u2019a pas de nom. En \u00eatre victime et ne pas avoir de rep\u00e8res. Glisser inconsciemment dans une prison sans barreaux, d\u2019inaptitude et d\u2019ali\u00e9nation. C\u2019est la situation dramatique dans laquelle vivent de nombreuses femmes qui ont \u00e9t\u00e9 d\u00e9poss\u00e9d\u00e9es de leur statut socio-\u00e9conomique. Ce ph\u00e9nom\u00e8ne se produit par suj\u00e9tion \u00e9conomique lorsque&#8230; <a class=\"view-article\" href=\"https:\/\/www.liberedivivere.com\/fr\/introduction-au-projet\/\">Voir l&#8217;article<\/a>","protected":false},"author":1,"featured_media":0,"parent":0,"menu_order":0,"comment_status":"closed","ping_status":"closed","template":"","meta":{"_acf_changed":false,"footnotes":""},"class_list":["post-17949","page","type-page","status-publish","hentry"],"acf":[],"yoast_head":"<!-- This site is optimized with the Yoast SEO plugin v23.5 - https:\/\/yoast.com\/wordpress\/plugins\/seo\/ -->\n<title>Introduction au projet - Libere di vivere<\/title>\n<meta name=\"robots\" content=\"index, follow, max-snippet:-1, max-image-preview:large, max-video-preview:-1\" \/>\n<link rel=\"canonical\" href=\"https:\/\/www.liberedivivere.com\/fr\/introduction-au-projet\/\" \/>\n<meta property=\"og:locale\" content=\"fr_FR\" \/>\n<meta property=\"og:type\" content=\"article\" \/>\n<meta property=\"og:title\" content=\"Introduction au projet - Libere di vivere\" \/>\n<meta property=\"og:description\" content=\"Se sentir victime d\u2019une violence qui n\u2019a pas de nom. En \u00eatre victime et ne pas avoir de rep\u00e8res. Glisser inconsciemment dans une prison sans barreaux, d\u2019inaptitude et d\u2019ali\u00e9nation. C\u2019est la situation dramatique dans laquelle vivent de nombreuses femmes qui ont \u00e9t\u00e9 d\u00e9poss\u00e9d\u00e9es de leur statut socio-\u00e9conomique. Ce ph\u00e9nom\u00e8ne se produit par suj\u00e9tion \u00e9conomique lorsque... Voir l&#039;article\" \/>\n<meta property=\"og:url\" content=\"https:\/\/www.liberedivivere.com\/fr\/introduction-au-projet\/\" \/>\n<meta property=\"og:site_name\" content=\"Libere di vivere\" \/>\n<meta property=\"article:publisher\" content=\"https:\/\/www.facebook.com\/GlobalThinkingFoundation\/\" \/>\n<meta property=\"article:modified_time\" content=\"2025-02-12T10:37:46+00:00\" \/>\n<meta name=\"twitter:card\" content=\"summary_large_image\" \/>\n<meta name=\"twitter:label1\" content=\"Est. reading time\" \/>\n\t<meta name=\"twitter:data1\" content=\"3 minutes\" \/>\n<script type=\"application\/ld+json\" class=\"yoast-schema-graph\">{\"@context\":\"https:\/\/schema.org\",\"@graph\":[{\"@type\":\"WebPage\",\"@id\":\"https:\/\/www.liberedivivere.com\/fr\/introduction-au-projet\/\",\"url\":\"https:\/\/www.liberedivivere.com\/fr\/introduction-au-projet\/\",\"name\":\"Introduction au projet - Libere di vivere\",\"isPartOf\":{\"@id\":\"https:\/\/www.liberedivivere.com\/#website\"},\"datePublished\":\"2021-02-03T16:52:53+00:00\",\"dateModified\":\"2025-02-12T10:37:46+00:00\",\"breadcrumb\":{\"@id\":\"https:\/\/www.liberedivivere.com\/fr\/introduction-au-projet\/#breadcrumb\"},\"inLanguage\":\"fr-FR\",\"potentialAction\":[{\"@type\":\"ReadAction\",\"target\":[\"https:\/\/www.liberedivivere.com\/fr\/introduction-au-projet\/\"]}]},{\"@type\":\"BreadcrumbList\",\"@id\":\"https:\/\/www.liberedivivere.com\/fr\/introduction-au-projet\/#breadcrumb\",\"itemListElement\":[{\"@type\":\"ListItem\",\"position\":1,\"name\":\"Home\",\"item\":\"https:\/\/www.liberedivivere.com\/fr\/\"},{\"@type\":\"ListItem\",\"position\":2,\"name\":\"Introduction au projet\"}]},{\"@type\":\"WebSite\",\"@id\":\"https:\/\/www.liberedivivere.com\/#website\",\"url\":\"https:\/\/www.liberedivivere.com\/\",\"name\":\"Libere di\u2026VIVERE\",\"description\":\"Just another WordPress site\",\"publisher\":{\"@id\":\"https:\/\/www.liberedivivere.com\/#organization\"},\"potentialAction\":[{\"@type\":\"SearchAction\",\"target\":{\"@type\":\"EntryPoint\",\"urlTemplate\":\"https:\/\/www.liberedivivere.com\/?s={search_term_string}\"},\"query-input\":{\"@type\":\"PropertyValueSpecification\",\"valueRequired\":true,\"valueName\":\"search_term_string\"}}],\"inLanguage\":\"fr-FR\"},{\"@type\":\"Organization\",\"@id\":\"https:\/\/www.liberedivivere.com\/#organization\",\"name\":\"Global Thinking Foundation\",\"url\":\"https:\/\/www.liberedivivere.com\/\",\"logo\":{\"@type\":\"ImageObject\",\"inLanguage\":\"fr-FR\",\"@id\":\"https:\/\/www.liberedivivere.com\/#\/schema\/logo\/image\/\",\"url\":\"https:\/\/www.liberedivivere.com\/wp-content\/uploads\/2020\/07\/logo_slider.png\",\"contentUrl\":\"https:\/\/www.liberedivivere.com\/wp-content\/uploads\/2020\/07\/logo_slider.png\",\"width\":605,\"height\":561,\"caption\":\"Global Thinking Foundation\"},\"image\":{\"@id\":\"https:\/\/www.liberedivivere.com\/#\/schema\/logo\/image\/\"},\"sameAs\":[\"https:\/\/www.facebook.com\/GlobalThinkingFoundation\/\",\"https:\/\/www.instagram.com\/globalthinkingfoundation\/\",\"https:\/\/www.youtube.com\/channel\/UCDNBF4vXJH618xaFlqdyYhw\"]}]}<\/script>\n<!-- \/ Yoast SEO plugin. -->","yoast_head_json":{"title":"Introduction au projet - Libere di vivere","robots":{"index":"index","follow":"follow","max-snippet":"max-snippet:-1","max-image-preview":"max-image-preview:large","max-video-preview":"max-video-preview:-1"},"canonical":"https:\/\/www.liberedivivere.com\/fr\/introduction-au-projet\/","og_locale":"fr_FR","og_type":"article","og_title":"Introduction au projet - Libere di vivere","og_description":"Se sentir victime d\u2019une violence qui n\u2019a pas de nom. En \u00eatre victime et ne pas avoir de rep\u00e8res. Glisser inconsciemment dans une prison sans barreaux, d\u2019inaptitude et d\u2019ali\u00e9nation. C\u2019est la situation dramatique dans laquelle vivent de nombreuses femmes qui ont \u00e9t\u00e9 d\u00e9poss\u00e9d\u00e9es de leur statut socio-\u00e9conomique. Ce ph\u00e9nom\u00e8ne se produit par suj\u00e9tion \u00e9conomique lorsque... Voir l'article","og_url":"https:\/\/www.liberedivivere.com\/fr\/introduction-au-projet\/","og_site_name":"Libere di vivere","article_publisher":"https:\/\/www.facebook.com\/GlobalThinkingFoundation\/","article_modified_time":"2025-02-12T10:37:46+00:00","twitter_card":"summary_large_image","twitter_misc":{"Est. reading time":"3 minutes"},"schema":{"@context":"https:\/\/schema.org","@graph":[{"@type":"WebPage","@id":"https:\/\/www.liberedivivere.com\/fr\/introduction-au-projet\/","url":"https:\/\/www.liberedivivere.com\/fr\/introduction-au-projet\/","name":"Introduction au projet - Libere di vivere","isPartOf":{"@id":"https:\/\/www.liberedivivere.com\/#website"},"datePublished":"2021-02-03T16:52:53+00:00","dateModified":"2025-02-12T10:37:46+00:00","breadcrumb":{"@id":"https:\/\/www.liberedivivere.com\/fr\/introduction-au-projet\/#breadcrumb"},"inLanguage":"fr-FR","potentialAction":[{"@type":"ReadAction","target":["https:\/\/www.liberedivivere.com\/fr\/introduction-au-projet\/"]}]},{"@type":"BreadcrumbList","@id":"https:\/\/www.liberedivivere.com\/fr\/introduction-au-projet\/#breadcrumb","itemListElement":[{"@type":"ListItem","position":1,"name":"Home","item":"https:\/\/www.liberedivivere.com\/fr\/"},{"@type":"ListItem","position":2,"name":"Introduction au projet"}]},{"@type":"WebSite","@id":"https:\/\/www.liberedivivere.com\/#website","url":"https:\/\/www.liberedivivere.com\/","name":"Libere di\u2026VIVERE","description":"Just another WordPress site","publisher":{"@id":"https:\/\/www.liberedivivere.com\/#organization"},"potentialAction":[{"@type":"SearchAction","target":{"@type":"EntryPoint","urlTemplate":"https:\/\/www.liberedivivere.com\/?s={search_term_string}"},"query-input":{"@type":"PropertyValueSpecification","valueRequired":true,"valueName":"search_term_string"}}],"inLanguage":"fr-FR"},{"@type":"Organization","@id":"https:\/\/www.liberedivivere.com\/#organization","name":"Global Thinking Foundation","url":"https:\/\/www.liberedivivere.com\/","logo":{"@type":"ImageObject","inLanguage":"fr-FR","@id":"https:\/\/www.liberedivivere.com\/#\/schema\/logo\/image\/","url":"https:\/\/www.liberedivivere.com\/wp-content\/uploads\/2020\/07\/logo_slider.png","contentUrl":"https:\/\/www.liberedivivere.com\/wp-content\/uploads\/2020\/07\/logo_slider.png","width":605,"height":561,"caption":"Global Thinking Foundation"},"image":{"@id":"https:\/\/www.liberedivivere.com\/#\/schema\/logo\/image\/"},"sameAs":["https:\/\/www.facebook.com\/GlobalThinkingFoundation\/","https:\/\/www.instagram.com\/globalthinkingfoundation\/","https:\/\/www.youtube.com\/channel\/UCDNBF4vXJH618xaFlqdyYhw"]}]}},"_links":{"self":[{"href":"https:\/\/www.liberedivivere.com\/fr\/wp-json\/wp\/v2\/pages\/17949"}],"collection":[{"href":"https:\/\/www.liberedivivere.com\/fr\/wp-json\/wp\/v2\/pages"}],"about":[{"href":"https:\/\/www.liberedivivere.com\/fr\/wp-json\/wp\/v2\/types\/page"}],"author":[{"embeddable":true,"href":"https:\/\/www.liberedivivere.com\/fr\/wp-json\/wp\/v2\/users\/1"}],"replies":[{"embeddable":true,"href":"https:\/\/www.liberedivivere.com\/fr\/wp-json\/wp\/v2\/comments?post=17949"}],"version-history":[{"count":15,"href":"https:\/\/www.liberedivivere.com\/fr\/wp-json\/wp\/v2\/pages\/17949\/revisions"}],"predecessor-version":[{"id":26783,"href":"https:\/\/www.liberedivivere.com\/fr\/wp-json\/wp\/v2\/pages\/17949\/revisions\/26783"}],"wp:attachment":[{"href":"https:\/\/www.liberedivivere.com\/fr\/wp-json\/wp\/v2\/media?parent=17949"}],"curies":[{"name":"wp","href":"https:\/\/api.w.org\/{rel}","templated":true}]}}